{"id":59543,"date":"2025-03-19T09:16:39","date_gmt":"2025-03-19T09:16:39","guid":{"rendered":"https:\/\/www.bestbrokers.com\/?page_id=59543"},"modified":"2025-10-22T09:07:53","modified_gmt":"2025-10-22T09:07:53","slug":"account-opening","status":"publish","type":"page","link":"https:\/\/www.bestbrokers.com\/nl\/reviews\/xtb\/account-opening\/","title":{"rendered":"Hoe open je een account bij XTB"},"content":{"rendered":"<div class=\"author-line\">Geschreven door <span class=\"author\">Zornitsa Stefanova<div class=\"author-sub-box\"><div class=\"author-avatar\"><img decoding=\"async\" src=\"https:\/\/www.bestbrokers.com\/wp-content\/uploads\/2024\/09\/zornica-stefanova.jpeg\" \/><\/div><div class=\"author-info-wrapper\"><div class=\"author-name\"><a href=\"https:\/\/www.bestbrokers.com\/nl\/authors\/zornitsa-stefanova\/\">Zornitsa Stefanova<\/a><\/div><div class=\"author-bio\">Zornitsa Stefanova is een ervaren forex- en cryptoanalist. Ze behandelt ook verschillende financi\u00eble onderwerpen zoals aandelenhandel en pensioeninvesteringen.<\/div><\/div><\/div><\/span>,  <a rel=\"nofollow\" target=\"_blank\" href=\"https:\/\/www.linkedin.com\/in\/zornica-stefanova-73ab39287\/\"><img decoding=\"async\" class=\"social-icon\" src=\"https:\/\/www.bestbrokers.com\/wp-content\/themes\/best-brokers\/assets\/images\/icon-linkedin.svg\" data-no-lazy=\"1\"><\/a> <span class=\"sep\">|<\/span> Vertaald door <span class=\"author\">Linda Canter<div class=\"author-sub-box\"><div class=\"author-info-wrapper\"><div class=\"author-name\">Linda Canter<\/div><div class=\"author-bio\">Linda Canter is een Nederlandstalige vertaler en copywriter voor financi\u00eble en beleggingscontent die brokers, fintechs en platforms helpt websites, apps en marketing voor de Nederlandse markt te lokaliseren met slimme, investeerdersvriendelijke formuleringen.<\/div><\/div><\/div><\/span> <span class=\"sep\">|<\/span> Bijgewerkt: <time class=\"entry-date\" datetime=\"2025-10-22T09:07:53+00:00\">oktober 22, 2025<\/time><\/div>\n<h2 id=\"brief\"><i class=\"ico ico--assets\"><\/i>XTB accounttypes in het kort<\/h2>\n<p>In Europa biedt XTB \u00e9\u00e9n hoofd retailacount waarmee zonder commissie op contracts for difference kan worden gehandeld. Het openen en onderhouden van een live-account is kosteloos voor actieve handelaars en de minimale transactie-omvang bedraagt 0,01 lots. Met een live-account kunt u handelen op desktop, mobiel en tablet. <\/p>\n<p>Transacties worden bij de CySEC-entiteit in euro\u2019s verwerkt, maar voor klanten buiten de EU zijn extra basisvaluta beschikbaar. Wij zijn verheugd dat de broker geen stortingskosten aanrekent. Potenti\u00eble gebruikers moeten er echter rekening mee houden dat accounts zonder activiteit na \u00e9\u00e9n jaar een maandelijkse vergoeding van \u20ac 10 krijgen.<\/p>\n\n\t\t\t\t<div class=\"table\">\n\t\t\t\t\t<table class=\"table table-striped table-bordered\">\n\t\t\t\t\t\t<tr>\n\t\t\t\t\t\t\t<td style=\"width: 250px;\"><strong>Demo-account<\/strong><\/td>\n\t\t\t\t\t\t\t<td><img decoding=\"async\" width=\"24\" height=\"24\" src=\"\/wp-content\/themes\/best-brokers\/assets\/images\/ico-check.svg\" alt=\"Available\" \/><\/td>\n\t\t\t\t\t\t<\/tr>\n\t\t\t\t\t\t<tr>\n\t\t\t\t\t\t\t<td><strong>Islamic Account<\/strong><\/td>\n\t\t\t\t\t\t\t<td><img decoding=\"async\" width=\"24\" height=\"24\" src=\"\/wp-content\/themes\/best-brokers\/assets\/images\/ico-check.svg\" alt=\"Available\" \/><\/td>\n\t\t\t\t\t\t<\/tr>\n\t\t\t\t\t\t<tr>\n\t\t\t\t\t\t\t<td><strong>ECN-account<\/strong><\/td>\n\t\t\t\t\t\t\t<td><img decoding=\"async\" width=\"24\" height=\"24\" src=\"\/wp-content\/themes\/best-brokers\/assets\/images\/ico-xmark.svg\" alt=\"Not Available\" \/><\/td>\n\t\t\t\t\t\t<\/tr>\n\t\t\t\t\t\t<tr>\n\t\t\t\t\t\t\t<td><strong>Pro-account<\/strong><\/td>\n\t\t\t\t\t\t\t<td><img decoding=\"async\" width=\"24\" height=\"24\" src=\"\/wp-content\/themes\/best-brokers\/assets\/images\/ico-check.svg\" alt=\"Available\" \/><\/td>\n\t\t\t\t\t\t<\/tr>\n\t\t\t\t\t\t<tr>\n\t\t\t\t\t\t\t<td><strong>MAM Account<\/strong><\/td>\n\t\t\t\t\t\t\t<td><img decoding=\"async\" width=\"24\" height=\"24\" src=\"\/wp-content\/themes\/best-brokers\/assets\/images\/ico-xmark.svg\" alt=\"Not Available\" \/><\/td>\n\t\t\t\t\t\t<\/tr>\n\t\t\t\t\t<\/table>\n\t\t\t\t<\/div>\n\t\t\t\n<h2 id=\"deposit\"><i class=\"ico ico--money-supply\"><\/i>Minimale stortingsvereisten bij XTB<\/h2>\n<p>Nieuwe klanten kunnen hun live-account met elk gewenst bedrag financieren, aangezien XTB geen minimumbedrag voor storting hanteert. Stortingen zijn kosteloos, maar voor opnames onder \u20ac 100 wordt een extra verwerkingsvergoeding van \u20ac 10 in rekening gebracht. De broker scheidt klantgelden van het eigen werkkapitaal in overeenstemming met de CySEC-regelgeving. Er zijn diverse instant-stortingsmethoden beschikbaar, waaronder Visa, Mastercard, Maestro, Skrill, PayPal, PayU en Ecommpay. Voor eventuele valutaconversie worden geen kosten berekend.<\/p>\n<h2 id=\"what\"><i class=\"ico ico--question\"><\/i>Wat kunt u verhandelen met XTB live-accounts<\/h2>\n<p>Met het openen van een live-account bij XTB kunt u speculeren op de prijsbewegingen van meer dan 2.000 hefboommarkten, waaronder 70+ valutaparen met spreads vanaf 0,8 pips. De Forex-hefboom is voor retailklanten beperkt tot 1:30. De broker biedt alle retailklanten bescherming tegen een negatief saldo, waardoor zij geen tekorten kunnen oplopen op hun account. Bij XTB kunt u ook handelen in indexen, grondstoffen, aandelen, cryptovaluta en ETF\u2019s. Orders worden uitgevoerd via het eigen xStation5-platform. Voor zover wij weten wordt MT4 alleen voor demo-accounts ondersteund.<\/p>\n<h2 id=\"steps\"><i class=\"ico ico--account\"><\/i>Stap-voor-stap registratie bij XTB \u2013 duurt in totaal ongeveer 20 minuten <\/h2>\n<ol class=\"list list--steps\">\n<li>\n<p>Open www.xtb.com\/cy in uw mobiele of desktopbrowser en klik op de groene knop Account aanmaken rechtsboven op de startpagina.<\/p>\n<p><img decoding=\"async\" src=\"https:\/\/www.bestbrokers.com\/wp-content\/uploads\/2024\/08\/xtb-account-opening-img-1.webp\" alt=\"Registration Steps\" width=\"900\" class=\"aligncenter\">\n<\/li>\n<li>\n<p>Voer uw e-mailadres in, selecteer uw land in het uitklapmenu en vink de vakjes hieronder aan om de algemene voorwaarden te accepteren. Kies een sterk wachtwoord om toegang te krijgen tot uw live-account.<\/p>\n<p><img decoding=\"async\" src=\"https:\/\/www.bestbrokers.com\/wp-content\/uploads\/2024\/08\/xtb-account-opening-img-2.webp\" alt=\"Registration Steps\" width=\"900\" class=\"aligncenter\">\n<\/li>\n<li>\n<p><strong>Vul uw persoonlijke gegevens in<\/strong> op het registratieformulier, waaronder uw titel, naam, geboorteplaats en geboortedatum.<\/p>\n<p><img decoding=\"async\" src=\"https:\/\/www.bestbrokers.com\/wp-content\/uploads\/2024\/08\/xtb-account-opening-img-3-1.webp\" alt=\"Registration Steps\" width=\"450\" class=\"aligncenter\"><\/p>\n<p>Geef ook uw nationaliteit op en voer uw nationale identificatienummer in. Vink de betreffende vakjes aan om te bevestigen dat u geen Amerikaans staatsburger bent en de rechtmatige eigenaar bent van de middelen die u op uw account stort.<\/p>\n<p><img decoding=\"async\" src=\"https:\/\/www.bestbrokers.com\/wp-content\/uploads\/2024\/08\/xtb-account-opening-img-4-1.webp\" alt=\"Registration Steps\" width=\"450\" class=\"aligncenter\"><\/p>\n<p>Voer uw huidige woonadres in, inclusief straatnaam, huis- en appartementnummer, postcode en stad.<\/p>\n<p><img decoding=\"async\" src=\"https:\/\/www.bestbrokers.com\/wp-content\/uploads\/2024\/08\/xtb-account-opening-img-5-1.webp\" alt=\"Registration Steps\" width=\"450\" class=\"aligncenter\"><\/p>\n<p>Kies uw voorkeurstaal en voer een promotiecode in als u er een wilt gebruiken.<\/p>\n<p><img decoding=\"async\" src=\"https:\/\/www.bestbrokers.com\/wp-content\/uploads\/2024\/08\/xtb-account-opening-img-6-1.webp\" alt=\"Registration Steps\" width=\"450\" class=\"aligncenter\">\n<\/li>\n<li>\n<p><strong>Het is nu tijd voor de geschiktheidstest van XTB<\/strong> om vast te stellen of u voldoende kennis en ervaring heeft om in risicovolle hefboominstrumenten te handelen. U krijgt onder meer vragen over hoe vaak u heeft gehandeld in aandelen, obligaties, futures, opties, swaps enzovoort.<\/p>\n<p><img decoding=\"async\" src=\"https:\/\/www.bestbrokers.com\/wp-content\/uploads\/2024\/08\/xtb-account-opening-img-7-1.webp\" alt=\"Registration Steps\" width=\"450\" class=\"aligncenter\"><\/p>\n<p>U moet ook uw gemiddelde jaarlijkse handelsvolume en de gemiddelde hefboomratio\u2019s die u heeft gebruikt opgeven. Daarnaast vult u de gemiddelde positieomvang in die u bij XTB wilt hanteren en uw opleidingsniveau of kwalificatie op het gebied van de financi\u00eble markten.<\/p>\n<p><img decoding=\"async\" src=\"https:\/\/www.bestbrokers.com\/wp-content\/uploads\/2024\/08\/xtb-account-opening-img-8-1.webp\" alt=\"Registration Steps\" width=\"450\" class=\"aligncenter\"><\/p>\n<p>Vervolgens moet u <strong>een korte vragenlijst invullen<\/strong> zodat XTB uw expertise met hefboomproducten kan beoordelen. Als u al ervaring heeft met CFD-handel zouden deze vragen eenvoudig moeten zijn.<\/p>\n<p><img decoding=\"async\" src=\"https:\/\/www.bestbrokers.com\/wp-content\/uploads\/2024\/08\/xtb-account-opening-img-9-1.webp\" alt=\"Registration Steps\" width=\"450\" class=\"aligncenter\">\n<\/li>\n<li>\n<p>Nu volgt een <strong>financi\u00eble beoordeling<\/strong>. XTB vraagt u naar uw beleggingsdoelen, spaargeld en besteedbaar jaarinkomen.<\/p>\n<p><img decoding=\"async\" src=\"https:\/\/www.bestbrokers.com\/wp-content\/uploads\/2024\/08\/xtb-account-opening-img-10-1.webp\" alt=\"Registration Steps\" width=\"450\" class=\"aligncenter\">\n<\/li>\n<li>\n<p>Vink de vakjes aan om akkoord te gaan met de gebruiksvoorwaarden en bevestig dat u de risicodisclaimer van de broker heeft gelezen. U moet tevens aangeven of u een politiek prominent persoon (PEP) bent die vatbaarder kan zijn voor corruptie of omkoping. Zo ja, dan moet u een speciale PEP-verklaring invullen.<\/p>\n<p><img decoding=\"async\" src=\"https:\/\/www.bestbrokers.com\/wp-content\/uploads\/2024\/08\/xtb-account-opening-img-11-1.webp\" alt=\"Registration Steps\" width=\"450\" class=\"aligncenter\"><\/p>\n<p>Uw nieuwe live-account is aangemaakt en u kunt doorgaan met de KYC-verificatie.<\/p>\n<p><img decoding=\"async\" src=\"https:\/\/www.bestbrokers.com\/wp-content\/uploads\/2024\/08\/xtb-account-opening-img-12-1.webp\" alt=\"Registration Steps\" width=\"450\" class=\"aligncenter\">\n<\/li>\n<li>\n<p><strong>KYC-verificatie van uw XTB-acount \u2013 duurt gemiddeld 5 tot 10 minuten<\/strong><\/p>\n<p>Klik op de groene knop om uw nieuwe live-account te openen en kies vervolgens linksonder op het scherm de optie Account verifi\u00ebren.<\/p>\n<p><img decoding=\"async\" src=\"https:\/\/www.bestbrokers.com\/wp-content\/uploads\/2024\/08\/xtb-account-opening-img-13.webp\" alt=\"Registration Steps\" width=\"900\" class=\"aligncenter\">\n<\/li>\n<li>\n<p>Upload foto\u2019s van uw identiteitsdocument naar keuze (paspoort of identiteitskaart) in een ondersteund formaat (jpg, png of pdf). De bestandsgrootte mag niet groter zijn dan 12 MB. XTB accepteert foto\u2019s, scans en screenshots, zolang alle informatie duidelijk leesbaar is. Ook de uitgifte- en vervaldatum moeten zichtbaar zijn.<\/p>\n<p><img decoding=\"async\" src=\"https:\/\/www.bestbrokers.com\/wp-content\/uploads\/2024\/08\/xtb-account-opening-img-14.webp\" alt=\"Registration Steps\" width=\"900\" class=\"aligncenter\">\n<\/li>\n<li>\n<p>U bent bijna klaar; u hoeft alleen nog een document te uploaden om uw huidige woonadres te bevestigen. XTB accepteert hiervoor diverse documenten, waaronder energierekeningen, bankafschriften, bankbrieven, verblijfsverklaringen, gemeentelijke heffingen, belastingcertificaten en verklaringen van pensioeninstellingen.<\/p>\n<p><img decoding=\"async\" src=\"https:\/\/www.bestbrokers.com\/wp-content\/uploads\/2024\/08\/xtb-account-opening-img-15.webp\" alt=\"Registration Steps\" width=\"900\" class=\"aligncenter\">\n<\/li>\n<li>\n<p>Gefeliciteerd, u heeft uw XTB handelsaccount met succes aangemaakt. U moet nu wachten tot de broker uw verificatiedocumenten handmatig heeft goedgekeurd voordat u kunt storten en orders kunt plaatsen. Bij onze test keurden zij de documenten binnen een paar uur goed, maar dit hangt af van de actuele werkdruk. Het XTB-team brengt u per e-mail op de hoogte van de verificatieresultaten.<\/p>\n<p><img decoding=\"async\" src=\"https:\/\/www.bestbrokers.com\/wp-content\/uploads\/2024\/08\/xtb-account-opening-img-15.webp\" alt=\"Registration Steps\" width=\"900\" class=\"aligncenter\">\n<\/li>\n<\/ol>\n<h2 id=\"conclusion\"><i class=\"ico ico--pen\"><\/i>Eindoordeel<\/h2>\n<p>Registreren via de CySEC-entiteit verloopt vrij probleemloos, vooral wanneer u alle benodigde documenten bij de hand heeft. U kunt het hele proces op uw desktopcomputer of mobiele telefoon in ongeveer 20 minuten afronden, mits u de geschiktheidsvragen vlot kunt beantwoorden. XTB beoordeelt de verificatiedocumenten eveneens snel, zodat nieuwe klanten binnen enkele uren kunnen beginnen met handelen.<\/p>\n","protected":false},"excerpt":{"rendered":"<p>XTB accounttypes in het kort In Europa biedt XTB \u00e9\u00e9n hoofd retailacount waarmee zonder commissie op contracts for difference kan worden gehandeld. Het openen en onderhouden van een live-account is kosteloos voor actieve handelaars en de minimale transactie-omvang bedraagt 0,01 lots. Met een live-account kunt u handelen op desktop, mobiel en tablet. Transacties worden bij [&hellip;]<\/p>\n","protected":false},"author":3,"featured_media":0,"parent":47248,"menu_order":0,"comment_status":"closed","ping_status":"closed","template":"templates\/review.php","meta":{"footnotes":""},"class_list":["post-59543","page","type-page","status-publish","hentry"],"aioseo_notices":[],"_links":{"self":[{"href":"https:\/\/www.bestbrokers.com\/nl\/wp-json\/wp\/v2\/pages\/59543","targetHints":{"allow":["GET"]}}],"collection":[{"href":"https:\/\/www.bestbrokers.com\/nl\/wp-json\/wp\/v2\/pages"}],"about":[{"href":"https:\/\/www.bestbrokers.com\/nl\/wp-json\/wp\/v2\/types\/page"}],"author":[{"embeddable":true,"href":"https:\/\/www.bestbrokers.com\/nl\/wp-json\/wp\/v2\/users\/3"}],"replies":[{"embeddable":true,"href":"https:\/\/www.bestbrokers.com\/nl\/wp-json\/wp\/v2\/comments?post=59543"}],"version-history":[{"count":7,"href":"https:\/\/www.bestbrokers.com\/nl\/wp-json\/wp\/v2\/pages\/59543\/revisions"}],"predecessor-version":[{"id":71364,"href":"https:\/\/www.bestbrokers.com\/nl\/wp-json\/wp\/v2\/pages\/59543\/revisions\/71364"}],"up":[{"embeddable":true,"href":"https:\/\/www.bestbrokers.com\/nl\/wp-json\/wp\/v2\/pages\/47248"}],"wp:attachment":[{"href":"https:\/\/www.bestbrokers.com\/nl\/wp-json\/wp\/v2\/media?parent=59543"}],"curies":[{"name":"wp","href":"https:\/\/api.w.org\/{rel}","templated":true}]}}