{"id":59550,"date":"2025-03-19T09:16:40","date_gmt":"2025-03-19T09:16:40","guid":{"rendered":"https:\/\/www.bestbrokers.com\/?page_id=59550"},"modified":"2025-10-22T09:07:46","modified_gmt":"2025-10-22T09:07:46","slug":"account-opening","status":"publish","type":"page","link":"https:\/\/www.bestbrokers.com\/nl\/reviews\/ig\/account-opening\/","title":{"rendered":"Hoe open je een account bij IG"},"content":{"rendered":"<div class=\"author-line\">Geschreven door <span class=\"author\">Naylyan Nazifova<div class=\"author-sub-box\"><div class=\"author-info-wrapper\"><div class=\"author-name\"><a href=\"https:\/\/www.bestbrokers.com\/nl\/authors\/naylyan-nazifova\/\">Naylyan Nazifova<\/a><\/div><div class=\"author-bio\">Naylyan Nazifova is een erkende expert op het gebied van online handelen. Ze heeft veel publicaties en analyses over forex trading, beleggen in aandelen en persoonlijke financi\u00ebn.<\/div><\/div><\/div><\/span>,  <a rel=\"nofollow\" target=\"_blank\" href=\"https:\/\/www.linkedin.com\/in\/naylian-nazifova-58562a272\/\"><img decoding=\"async\" class=\"social-icon\" src=\"https:\/\/www.bestbrokers.com\/wp-content\/themes\/best-brokers\/assets\/images\/icon-linkedin.svg\" data-no-lazy=\"1\"><\/a> <span class=\"sep\">|<\/span> Vertaald door <span class=\"author\">Linda Canter<div class=\"author-sub-box\"><div class=\"author-info-wrapper\"><div class=\"author-name\">Linda Canter<\/div><div class=\"author-bio\">Linda Canter is een Nederlandstalige vertaler en copywriter voor financi\u00eble en beleggingscontent die brokers, fintechs en platforms helpt websites, apps en marketing voor de Nederlandse markt te lokaliseren met slimme, investeerdersvriendelijke formuleringen.<\/div><\/div><\/div><\/span> <span class=\"sep\">|<\/span> Bijgewerkt: <time class=\"entry-date\" datetime=\"2025-10-22T09:07:46+00:00\">oktober 22, 2025<\/time><\/div>\n<h2 id=\"brief\"><i class=\"ico ico--assets\"><\/i>Accounttypes bij IG<\/h2>\n<p>Als een gevestigde online broker biedt IG een reeks accounttypes om tegemoet te komen aan de uiteenlopende behoeften en doelstellingen van klanten. Bij het kiezen van een accounttype raadt de broker aan rekening te houden met een aantal belangrijke aspecten. Deze omvatten uw handelsdoelen en beleggingshorizon, voorkeursmarkten, ervaring, risicotolerantie en beschikbaar handelsbudget. Handelaars kunnen kiezen uit twee hoofdcategorie\u00ebn accounts: accounts met hefboom en accounts zonder hefboom. <\/p>\n<p>De eerste categorie hefboomaccounts omvat spread betting- en CFD-accounts: <\/p>\n<ul class=\"list-checks\">\n<li><strong>Spread betting:<\/strong> Dit accounttype biedt handelaars de mogelijkheid te profiteren van prijsschommelingen van activa door long of short te gaan zonder de onderliggende activa te hoeven kopen. Spread betting is populair onder Britse handelaars, omdat deze manier van handelen in het VK belastingvrij is. <\/li>\n<li><strong>CFD-rekening:<\/strong> Dit is een andere speculatieve vorm van handelen en, net als bij spread betting, vindt er geen eigendomsoverdracht van de onderliggende activa plaats. In tegenstelling tot spread betting, dat is vrijgesteld van vermogenswinstbelasting, kunnen winsten uit CFD-transacties worden verrekend met verliezen.<\/li>\n<\/ul>\n<p>Voor geen van deze instrumenten is stempelbelasting verschuldigd. Met een spread betting of CFD-account bij IG kunt u handelen in Forex, aandelen, aandelenindexen, metalen, energie, cryptovaluta en grondstoffen, in totaal meer dan 17.000 instrumenten. <\/p>\n<p>Er is geen minimale storting vereist om een CFD-account bij IG te openen. De broker verdient aan de spread of \u2013 in het geval van aandelentransacties \u2013 aan een kleine commissie. <\/p>\n<p>De tweede hoofdcategorie, de niet-hefboomaccounts (beleggingsaccounts), bestaat uit een Share Dealing account, een Stocks and Shares ISA account, een IG Smart Portfolio account en een IG Smart ISA Portfolio account. Daarnaast kunnen klanten van IG kiezen voor een demo-account, dat handig is voor hun trading-opleiding omdat deze $ 20.000 aan virtueel kapitaal biedt om mee te oefenen.<\/p>\n<p>Houd er rekening mee dat de beschikbaarheid van deze accounts kan vari\u00ebren afhankelijk van uw locatie en de regelgeving in uw land.<\/p>\n\n\t\t\t\t<div class=\"table\">\n\t\t\t\t\t<table class=\"table table-striped table-bordered\">\n\t\t\t\t\t\t<tr>\n\t\t\t\t\t\t\t<td style=\"width: 250px;\"><strong>Demo-account<\/strong><\/td>\n\t\t\t\t\t\t\t<td><img decoding=\"async\" width=\"24\" height=\"24\" src=\"\/wp-content\/themes\/best-brokers\/assets\/images\/ico-check.svg\" alt=\"Available\" \/><\/td>\n\t\t\t\t\t\t<\/tr>\n\t\t\t\t\t\t<tr>\n\t\t\t\t\t\t\t<td><strong>Islamic Account<\/strong><\/td>\n\t\t\t\t\t\t\t<td><img decoding=\"async\" width=\"24\" height=\"24\" src=\"\/wp-content\/themes\/best-brokers\/assets\/images\/ico-xmark.svg\" alt=\"Not Available\" \/><\/td>\n\t\t\t\t\t\t<\/tr>\n\t\t\t\t\t\t<tr>\n\t\t\t\t\t\t\t<td><strong>ECN-account<\/strong><\/td>\n\t\t\t\t\t\t\t<td><img decoding=\"async\" width=\"24\" height=\"24\" src=\"\/wp-content\/themes\/best-brokers\/assets\/images\/ico-xmark.svg\" alt=\"Not Available\" \/><\/td>\n\t\t\t\t\t\t<\/tr>\n\t\t\t\t\t\t<tr>\n\t\t\t\t\t\t\t<td><strong>Pro-account<\/strong><\/td>\n\t\t\t\t\t\t\t<td><img decoding=\"async\" width=\"24\" height=\"24\" src=\"\/wp-content\/themes\/best-brokers\/assets\/images\/ico-check.svg\" alt=\"Available\" \/><\/td>\n\t\t\t\t\t\t<\/tr>\n\t\t\t\t\t\t<tr>\n\t\t\t\t\t\t\t<td><strong>MAM Account<\/strong><\/td>\n\t\t\t\t\t\t\t<td><img decoding=\"async\" width=\"24\" height=\"24\" src=\"\/wp-content\/themes\/best-brokers\/assets\/images\/ico-xmark.svg\" alt=\"Not Available\" \/><\/td>\n\t\t\t\t\t\t<\/tr>\n\t\t\t\t\t<\/table>\n\t\t\t\t<\/div>\n\t\t\t\n<h2 id=\"deposit\"><i class=\"ico ico--money-supply\"><\/i>Minimale stortingsvereisten voor accounts<\/h2>\n<p>Zoals hierboven vermeld geldt er voor een CFD-handelsaccount bij IG geen minimale stortingsvereiste. Zodra handelaars hun live-account hebben geopend en zijn begonnen met handelen, vormen de spread of een kleine commissie op aandelentransacties de belangrijkste kosten. Hoewel de broker geen minimumbalans voorschrijft, moeten handelaars wel rekening houden met een minimale contractgrootte. <\/p>\n<p>Klanten kunnen de prijs per contract bepalen, waarbij voor nieuwe klanten verschillende minimale contractgroottes gelden. De contractgrootte bij IG varieert per markt en instrument. Bij valutahandel is \u00e9\u00e9n standaardlot doorgaans 100.000 eenheden van de basisvaluta. <\/p>\n<p>Het is echter goed om te weten dat IG voor sommige markten mini- en microcontracten aanbiedt. Een minicontract voor Forex bedraagt 10.000 eenheden van de basisvaluta, terwijl een microcontract 1.000 eenheden vertegenwoordigt.<\/p>\n<h2 id=\"instruments\"><i class=\"ico ico--common-technical-analysis-tools\"><\/i>Verhandelbare instrumenten<\/h2>\n<p>IG opent een wereld van handelsmogelijkheden met meer dan 17.000 markten. Afhankelijk van hun voorkeur kunnen handelaars zich verdiepen in indexen, Forex, meer dan 13.000 aandelen, grondstoffen en cryptovaluta. De speciale markten van de broker, zoals obligaties, rentetarieven en opties, kunnen eveneens interessant zijn. Forex-handelaars kunnen profiteren van stijgende en dalende koersen in meer dan 90 belangrijke, minder liquide en exotische valutaparen.  <\/p>\n<p>IG werkt samen met diverse externe platformen, waaronder L2 Dealer, ProRealTime, MetaTrader 4 en TradingView. Wat de beschikbare tools betreft, krijgen klanten toegang tot een aandelen-screener, een economische kalender, een analyse-tool, handelsalerts, grafieken, handelssignalen en Forex-signalen. <\/p>\n<p>Klanten kunnen deze markten en tools verkennen met een demo-account, waarmee zij hun vaardigheden kunnen ontwikkelen op duizenden markten in een gesimuleerde handelsomgeving. Het virtuele saldo bedraagt $ 20.000 en wordt aangevuld met exclusieve educatieve content op IG Academy. De mobiele apps, die gratis kunnen worden gedownload, stellen handelaars in staat hun strategie\u00ebn onderweg te testen. <\/p>\n<h2 id=\"steps\"><i class=\"ico ico--account\"><\/i>Registratieproces bij IG \u2013 duurt ongeveer 5 minuten<\/h2>\n<ol class=\"list list--steps\">\n<li>\n        Klik op de knop &#8220;Een live account aanmaken\u201d rechtsboven op de startpagina van de broker om een account bij IG te openen.<\/p>\n<p>        <img decoding=\"async\" src=\"https:\/\/www.bestbrokers.com\/wp-content\/uploads\/2025\/02\/ig-registration-1.webp\" alt=\"IG Registration Step 1\" class=\"aligncenter\">\n    <\/li>\n<li>\n        U wordt doorgestuurd naar een aanvraagformulier waarin u binnen enkele minuten uw live account kunt aanmaken. U vult uw voornaam, achternaam en e-mailadres in, maakt een gebruikersnaam aan en stelt een wachtwoord in. Vervolgens kiest u in een dropdownmenu uw land en het gewenste accounttype. <\/p>\n<p>        <img decoding=\"async\" src=\"https:\/\/www.bestbrokers.com\/wp-content\/uploads\/2025\/02\/ig-registration-2.webp\" alt=\"IG Registration Step 2\" class=\"aligncenter\">\n    <\/li>\n<li>\n        Zodra u het aanvraagformulier heeft ingevuld, zijn er nog enkele gegevens nodig voordat u kunt beginnen met handelen. In het volgende formulier vul u uw geboortedatum in, de internationale landcode van uw land, uw telefoonnummer, de voorkeur voor het ontvangen van afschriften en uw nationaliteit. <\/p>\n<p>        <img decoding=\"async\" src=\"https:\/\/www.bestbrokers.com\/wp-content\/uploads\/2025\/02\/ig-registration-3.webp\" alt=\"IG Registration Step 3\" class=\"aligncenter\">\n    <\/li>\n<li>\n        De volgende stap in het registratieproces is het invullen van uw adres en postcode.<\/p>\n<p>        <img decoding=\"async\" src=\"https:\/\/www.bestbrokers.com\/wp-content\/uploads\/2025\/02\/ig-registration-4.webp\" alt=\"IG Registration Step 4\" class=\"aligncenter\">\n    <\/li>\n<li>\n        Daarna moet u informatie geven over uw financi\u00eble situatie, zoals uw jaarlijkse inkomen, de waarde van uw spaargeld en beleggingen, en de herkomst van de middelen waarmee u gaat handelen. Ook enkele gegevens over uw werk zijn vereist, waaronder werkstatus, sector en functie.<\/p>\n<p>        <img decoding=\"async\" src=\"https:\/\/www.bestbrokers.com\/wp-content\/uploads\/2025\/02\/ig-registration-5.webp\" alt=\"IG Registration Step 5\" class=\"aligncenter\">\n    <\/li>\n<li>\n        De zesde en laatste stap heeft betrekking op uw relevante ervaring; op basis hiervan kan de broker eventueel om extra informatie vragen. U geeft aan hoeveel handelservaring u in de afgelopen drie jaar heeft opgedaan met verschillende producten, waaronder aandelen en obligaties, beursgenoteerde derivaten en OTC-derivaten. Ook geeft u aan of u ervaring of kwalificaties hebt met betrekking tot de producten die het bedrijf aanbiedt. <\/p>\n<p>        Tot slot leest u een verklaring waarin u bevestigt dat u zich bewust bent van de risico\u2019s van handelen in CFD\u2019s en opties en geef u uw marketingvoorkeuren op.  <\/p>\n<p>        <img decoding=\"async\" src=\"https:\/\/www.bestbrokers.com\/wp-content\/uploads\/2025\/02\/ig-registration-6.webp\" alt=\"IG Registration Step 6\" class=\"aligncenter\">\n    <\/li>\n<\/ol>\n<h2 id=\"verification\"><i class=\"ico ico--approve\"><\/i>Identiteitsverificatieproces \u2013 duurt ongeveer 5 minuten<\/h2>\n<p>Na het aanmaken van het account moet de handelaar verdergaan met de identiteitsverificatie. IG vraagt doorgaans twee documenten: \u00e9\u00e9n ter bevestiging van de identiteit en \u00e9\u00e9n als adresbewijs. Indien gewenst kunnen er twee identiteitsbewijzen worden aangeleverd. Het uploaden van deze documenten kost weinig tijd en zodra ze zijn goedgekeurd, kunt u uw eerste transactie bij de broker plaatsen. <\/p>\n<p>Zorg er bij het uploaden van de documenten voor dat alle gegevens duidelijk leesbaar en scherp zijn.<\/p>\n<ol class=\"list list--steps\">\n<li>\n<h3>Identiteitsbewijs<\/h3>\n<p>    Als identiteitsbewijs kunnen klanten van IG een paspoort, identiteitskaart of rijbewijs gebruiken waarop hun foto en de vervaldatum staan. U kunt meerdere bestanden tegelijk uploaden. Als uw identiteitskaart dubbelzijdig is, vergeet dan niet beide kanten te uploaden.\n<\/li>\n<li>\n<h3>Adresbewijs<\/h3>\n<p>    Als adresbewijs kunnen handelaars diverse algemeen geaccepteerde documenten gebruiken, zoals energierekeningen, bankafschriften, creditcardafschriften, internetfacturen, huur- of leasecontracten of een brief van de lokale overheid. Welk document zij ook kiezen, de naam en het adres moeten overeenkomen met de gegevens in het aanvraagformulier. Het document mag niet ouder zijn dan drie maanden. Zorg er ook voor dat de naam en het logo van de uitgevende instantie duidelijk zichtbaar zijn. <\/p>\n<p>    Bij bankafschriften en andere documenten van financi\u00eble instellingen is vereist dat ze de rekeningnaam, het rekeningnummer, de code en de naam van de bank bevatten. Schermafbeeldingen uit online bankieren zijn acceptabel, mits zij de persoonlijke rekeninggegevens en de gegevens van de bank duidelijk tonen.\n<\/li>\n<\/ol>\n<h2 id=\"conclusion\"><i class=\"ico ico--pen\"><\/i>Algemene indruk<\/h2>\n<p>Al met al beoordelen wij het openen en verifi\u00ebren van een account bij IG als relatief eenvoudig en vlot. De website en mobiele app van de broker zijn goed ontworpen en gemakkelijk te navigeren, waardoor het aanmaken van een account probleemloos verloopt. De broker geeft duidelijke instructies tijdens elke stap, met afzonderlijke onderdelen voor persoonlijke gegevens, adresgegevens, financi\u00eble gegevens en handelsgeschiedenis. Ook het uploaden van de vereiste documenten voor identiteit- en adresverificatie is gestroomlijnd; de meeste verificaties zijn binnen \u00e9\u00e9n \u00e0 twee werkdagen afgerond. Tot slot is het goed te weten dat het ondersteuningsteam van de broker klaarstaat om vragen te beantwoorden en eventuele problemen tijdens het registratie- en verificatieproces op te lossen.<\/p>\n","protected":false},"excerpt":{"rendered":"<p>Accounttypes bij IG Als een gevestigde online broker biedt IG een reeks accounttypes om tegemoet te komen aan de uiteenlopende behoeften en doelstellingen van klanten. Bij het kiezen van een accounttype raadt de broker aan rekening te houden met een aantal belangrijke aspecten. Deze omvatten uw handelsdoelen en beleggingshorizon, voorkeursmarkten, ervaring, risicotolerantie en beschikbaar handelsbudget. [&hellip;]<\/p>\n","protected":false},"author":2,"featured_media":0,"parent":47338,"menu_order":0,"comment_status":"closed","ping_status":"closed","template":"templates\/review.php","meta":{"footnotes":""},"class_list":["post-59550","page","type-page","status-publish","hentry"],"aioseo_notices":[],"_links":{"self":[{"href":"https:\/\/www.bestbrokers.com\/nl\/wp-json\/wp\/v2\/pages\/59550","targetHints":{"allow":["GET"]}}],"collection":[{"href":"https:\/\/www.bestbrokers.com\/nl\/wp-json\/wp\/v2\/pages"}],"about":[{"href":"https:\/\/www.bestbrokers.com\/nl\/wp-json\/wp\/v2\/types\/page"}],"author":[{"embeddable":true,"href":"https:\/\/www.bestbrokers.com\/nl\/wp-json\/wp\/v2\/users\/2"}],"replies":[{"embeddable":true,"href":"https:\/\/www.bestbrokers.com\/nl\/wp-json\/wp\/v2\/comments?post=59550"}],"version-history":[{"count":6,"href":"https:\/\/www.bestbrokers.com\/nl\/wp-json\/wp\/v2\/pages\/59550\/revisions"}],"predecessor-version":[{"id":71371,"href":"https:\/\/www.bestbrokers.com\/nl\/wp-json\/wp\/v2\/pages\/59550\/revisions\/71371"}],"up":[{"embeddable":true,"href":"https:\/\/www.bestbrokers.com\/nl\/wp-json\/wp\/v2\/pages\/47338"}],"wp:attachment":[{"href":"https:\/\/www.bestbrokers.com\/nl\/wp-json\/wp\/v2\/media?parent=59550"}],"curies":[{"name":"wp","href":"https:\/\/api.w.org\/{rel}","templated":true}]}}