{"id":59556,"date":"2025-03-19T09:16:41","date_gmt":"2025-03-19T09:16:41","guid":{"rendered":"https:\/\/www.bestbrokers.com\/?page_id=59556"},"modified":"2025-10-22T09:07:41","modified_gmt":"2025-10-22T09:07:41","slug":"spreads-fees-and-commissions","status":"publish","type":"page","link":"https:\/\/www.bestbrokers.com\/nl\/reviews\/fusion-markets\/spreads-fees-and-commissions\/","title":{"rendered":"Fusion Markets spreads, kosten en commissies"},"content":{"rendered":"<div class=\"author-line\">Geschreven door <span class=\"author\">Zornitsa Stefanova<div class=\"author-sub-box\"><div class=\"author-avatar\"><img decoding=\"async\" src=\"https:\/\/www.bestbrokers.com\/wp-content\/uploads\/2024\/09\/zornica-stefanova.jpeg\" \/><\/div><div class=\"author-info-wrapper\"><div class=\"author-name\"><a href=\"https:\/\/www.bestbrokers.com\/nl\/authors\/zornitsa-stefanova\/\">Zornitsa Stefanova<\/a><\/div><div class=\"author-bio\">Zornitsa Stefanova is een ervaren forex- en cryptoanalist. Ze behandelt ook verschillende financi\u00eble onderwerpen zoals aandelenhandel en pensioeninvesteringen.<\/div><\/div><\/div><\/span>,  <a rel=\"nofollow\" target=\"_blank\" href=\"https:\/\/www.linkedin.com\/in\/zornica-stefanova-73ab39287\/\"><img decoding=\"async\" class=\"social-icon\" src=\"https:\/\/www.bestbrokers.com\/wp-content\/themes\/best-brokers\/assets\/images\/icon-linkedin.svg\" data-no-lazy=\"1\"><\/a> <span class=\"sep\">|<\/span> Vertaald door <span class=\"author\">Linda Canter<div class=\"author-sub-box\"><div class=\"author-info-wrapper\"><div class=\"author-name\">Linda Canter<\/div><div class=\"author-bio\">Linda Canter is een Nederlandstalige vertaler en copywriter voor financi\u00eble en beleggingscontent die brokers, fintechs en platforms helpt websites, apps en marketing voor de Nederlandse markt te lokaliseren met slimme, investeerdersvriendelijke formuleringen.<\/div><\/div><\/div><\/span> <span class=\"sep\">|<\/span> Bijgewerkt: <time class=\"entry-date\" datetime=\"2025-10-22T09:07:41+00:00\">oktober 22, 2025<\/time><\/div>\n<p>Met vergunningen in Australi\u00eb, Vanuatu en de Seychellen <strong>biedt Fusion Markets uiterst voordelig handelen<\/strong> in meer dan 250 financi\u00eble markten, waaronder 90 valutaparen, grondstoffen, indexen, cryptovaluta en CFD\u2019s op Amerikaanse aandelen. De broker levert ECN-orderuitvoering zonder tussenkomst van een dealing desk en zorgt zo voor <strong>de best mogelijke prijsfeeds via een netwerk van betrouwbare liquiditeitsverschaffers<\/strong>. <\/p>\n<p>Fusion Markets behoort tot de voordeligste brokers in de online handelssector. Nieuwe klanten kunnen verschillende handels- en niet-handelskosten verwachten, zoals spreads, commissies, administratieve kosten voor swap-free accounts en overnight-financieringskosten. Blijf lezen voor een gedetailleerd overzicht van alle kosten die voortvloeien uit Forex-handel bij Fusion Markets.<\/p>\n<h2 id=\"costs\"><i class=\"ico ico--money-supply\"><\/i>Handelskosten bij Fusion Markets<\/h2>\n<p>De handelskosten bij Fusion Markets hangen grotendeels af van het type account dat klanten openen. De broker biedt zowel <strong>spreadgebaseerd<\/strong> als <strong>commissiegebaseerd handelen<\/strong> aan. Orders via Classic accounts zijn commissievrij omdat alle kosten in de spreads zijn verwerkt. Fusion Markets compenseert het ontbreken van commissies door een opslag van 0,9 pip toe te voegen aan alle ruwe spreads. <\/p>\n<h3><i class=\"ico ico--pro-ecn-account\"><\/i>Forex-handelskosten voor Classic accounts<\/h3>\n<p><strong>De EUR\/USD-spread bedraagt gemiddeld 1,01 pips zonder commissies<\/strong> wanneer u een Classic account gebruikt bij Fusion Markets. We vermenigvuldigen de spread in pips met de positiegrootte om de totale kosten van een trade te berekenen. E\u00e9n standaardlot van 100.000 basiseenheden <strong>kost u 0,000101 \u00d7 100.000 = $ 10,10 bij Fusion Markets<\/strong>. <\/p>\n<p>Ter verduidelijking: de <strong>pipwaarde voor standaardlots is $ 10<\/strong>, wat betekent dat elke prijsbeweging van \u00e9\u00e9n pip $ 10 kost. Bij microlots (1.000 eenheden) bedraagt een prijsfluctuatie van \u00e9\u00e9n pip $ 0,10. Bij een spread van 1,01 pips zijn uw <strong>kosten voor \u00e9\u00e9n microlot in EUR\/USD gemiddeld iets meer dan 10 cent<\/strong> (0,000101 \u00d7 1.000 = $ 0,101). Klanten die in minilots (10.000 eenheden) handelen, betalen respectievelijk $ 1,01 bij het openen en sluiten van hun posities tegen 0,000101. <\/p>\n<div class=\"table-responsive\">\n<table class=\"table table--colorful\">\n<thead>\n<tr>\n<th colspan=\"5\" style=\"background-color: #fff\">Gemiddelde spreadkosten* voor Classic accounts<\/th>\n<\/tr>\n<tr>\n<th>Valutapaar<\/th>\n<th>Spread (in pips)<\/th>\n<th>Commissie<\/th>\n<th>Kosten per microlot<\/th>\n<th>Kosten per standaardlot<\/th>\n<\/tr>\n<\/thead>\n<tbody>\n<tr>\n<td>EUR\/USD<\/td>\n<td style=\"text-align: center\">1,01<\/td>\n<td style=\"text-align: center\">$ 0<\/td>\n<td style=\"text-align: center\">$ 0,1010<\/td>\n<td style=\"text-align: center\">$ 10,10<\/td>\n<\/tr>\n<tr>\n<td>USD\/JPY<\/td>\n<td style=\"text-align: center\">1,17<\/td>\n<td style=\"text-align: center\">$ 0<\/td>\n<td style=\"text-align: center\">$ 0,0796<\/td>\n<td style=\"text-align: center\">$ 7,96<\/td>\n<\/tr>\n<tr>\n<td>EUR\/GBP<\/td>\n<td style=\"text-align: center\">1,29<\/td>\n<td style=\"text-align: center\">$ 0<\/td>\n<td style=\"text-align: center\">$ 0,1752<\/td>\n<td style=\"text-align: center\">$ 17,52<\/td>\n<\/tr>\n<tr>\n<td>GBP\/USD<\/td>\n<td style=\"text-align: center\">1,14<\/td>\n<td style=\"text-align: center\">$ 0<\/td>\n<td style=\"text-align: center\">$ 0,1140<\/td>\n<td style=\"text-align: center\">$ 11,40<\/td>\n<\/tr>\n<tr>\n<td>AUD\/USD<\/td>\n<td style=\"text-align: center\">1,02<\/td>\n<td style=\"text-align: center\">$ 0<\/td>\n<td style=\"text-align: center\">$ 0,1020<\/td>\n<td style=\"text-align: center\">$ 10,20<\/td>\n<\/tr>\n<tr>\n<td>USD\/CAD<\/td>\n<td style=\"text-align: center\">1,12<\/td>\n<td style=\"text-align: center\">$ 0<\/td>\n<td style=\"text-align: center\">$ 0,0818<\/td>\n<td style=\"text-align: center\">$ 8,18<\/td>\n<\/tr>\n<tr>\n<td>USD\/CHF<\/td>\n<td style=\"text-align: center\">1,14<\/td>\n<td style=\"text-align: center\">$ 0<\/td>\n<td style=\"text-align: center\">$ 0,1430<\/td>\n<td style=\"text-align: center\">$ 14,30<\/td>\n<\/tr>\n<tr>\n<td>USD\/CNH<\/td>\n<td style=\"text-align: center\">8,12<\/td>\n<td style=\"text-align: center\">$ 0<\/td>\n<td style=\"text-align: center\">$ 0,1130<\/td>\n<td style=\"text-align: center\">$ 11,30<\/td>\n<\/tr>\n<tr>\n<td>NZD\/USD<\/td>\n<td style=\"text-align: center\">1,13<\/td>\n<td style=\"text-align: center\">$ 0<\/td>\n<td style=\"text-align: center\">$ 0,1130<\/td>\n<td style=\"text-align: center\">$ 11,30<\/td>\n<\/tr>\n<\/tbody>\n<\/table>\n<\/div>\n<p style=\"text-align: center;font-size: 13px\"><em>*Ter vereenvoudiging zijn de gemiddelde kosten berekend voor trades van $ 100.000 en $ 1.000 zonder hefboom. Alle spreadkosten zijn in Amerikaanse dollars en tonen uw uitgaven bij het openen van een positie (dus \u00e9\u00e9n richting van de trade).<\/em><\/p>\n<h3><i class=\"ico ico--account\"><\/i>Forex-handelskosten voor Zero accounts<\/h3>\n<p>Zero accounts bieden ruwe spreads vanaf 0,00 pips, met een gemiddelde van 0,11 pips voor EUR\/USD zonder de opslag van 0,9 pip die op standaardspreads wordt toegepast. De broker rekent <strong>$ 2,25 commissie bij het openen \u00e9n sluiten van posities, in totaal $ 4,50<\/strong> per standaardlot. De commissietarieven verschillen per accountvaluta, zoals in de onderstaande tabel. Klanten met kleinere positiegroottes betalen $ 0,45 per minilot en $ 0,045 per microlot. Posities van \u00e9\u00e9n minilot hebben dus round-turn commissies van $ 0,45. <\/p>\n<div class=\"table-responsive\">\n<table class=\"table table--colorful\">\n<thead>\n<tr>\n<th colspan=\"4\" style=\"background-color: #fff\">Commissietarieven voor Zero accounts op basis van accountvaluta<\/th>\n<\/tr>\n<tr>\n<th>Accountvaluta<\/th>\n<th>Round-turn commissie per standaardlot<\/th>\n<th>Round-turn commissie per minilot<\/th>\n<th>Round-turn commissie per microlot<\/th>\n<\/tr>\n<\/thead>\n<tbody>\n<tr>\n<td>USD<\/td>\n<td style=\"text-align: center\">$ 4,50<\/td>\n<td style=\"text-align: center\">$ 0,45<\/td>\n<td style=\"text-align: center\">$ 0,045<\/td>\n<\/tr>\n<tr>\n<td>EUR<\/td>\n<td style=\"text-align: center\">\u20ac 4,05<\/td>\n<td style=\"text-align: center\">\u20ac 0,41<\/td>\n<td style=\"text-align: center\">\u20ac 0,041<\/td>\n<\/tr>\n<tr>\n<td>GBP<\/td>\n<td style=\"text-align: center\">\u00a3 3,55<\/td>\n<td style=\"text-align: center\">\u00a3 0,36<\/td>\n<td style=\"text-align: center\">\u00a3 0,036<\/td>\n<\/tr>\n<tr>\n<td>AUD<\/td>\n<td style=\"text-align: center\">$ 4,50<\/td>\n<td style=\"text-align: center\">$ 0,45<\/td>\n<td style=\"text-align: center\">$ 0,045<\/td>\n<\/tr>\n<tr>\n<td>CHF<\/td>\n<td style=\"text-align: center\">\u20a3 4,50<\/td>\n<td style=\"text-align: center\">\u20a3 0,45<\/td>\n<td style=\"text-align: center\">\u20a3 0,045<\/td>\n<\/tr>\n<tr>\n<td>CAD<\/td>\n<td style=\"text-align: center\">$ 6,00<\/td>\n<td style=\"text-align: center\">$ 0,60<\/td>\n<td style=\"text-align: center\">$ 0,060<\/td>\n<\/tr>\n<tr>\n<td>NZD<\/td>\n<td style=\"text-align: center\">$ 6,90<\/td>\n<td style=\"text-align: center\">$ 0,69<\/td>\n<td style=\"text-align: center\">$ 0,069<\/td>\n<\/tr>\n<tr>\n<td>SEK<\/td>\n<td style=\"text-align: center\">kr 50,00<\/td>\n<td style=\"text-align: center\">kr 5,00<\/td>\n<td style=\"text-align: center\">kr 0,50<\/td>\n<\/tr>\n<tr>\n<td>JPY<\/td>\n<td style=\"text-align: center\">\u00a5 495,00<\/td>\n<td style=\"text-align: center\">\u00a5 49,50<\/td>\n<td style=\"text-align: center\">\u00a5 4,95<\/td>\n<\/tr>\n<\/tbody>\n<\/table>\n<\/div>\n<p>De onderstaande tabel laat zien welke totale Forex-handelskosten klanten met Zero accounts kunnen verwachten <strong>wanneer ook de spreadkosten worden meegerekend<\/strong>. Zo bepaalt u eenvoudiger welk accounttype het best bij uw budget past. <\/p>\n<div class=\"table-responsive\">\n<table class=\"table table--colorful\">\n<thead>\n<tr>\n<th colspan=\"5\" style=\"background-color: #fff\">Totale Forex-handelskosten met Zero accounts<\/th>\n<\/tr>\n<tr>\n<th>Valutapaar<\/th>\n<th>Spread (in pips)<\/th>\n<th>Commissie per zijde<\/th>\n<th>Kosten per microlot<\/th>\n<th>Kosten per standaardlot<\/th>\n<\/tr>\n<\/thead>\n<tbody>\n<tr>\n<td>EUR\/USD<\/td>\n<td style=\"text-align: center\">0,11*<\/td>\n<td style=\"text-align: center\">$ 2,25 \/ $ 0,0225**<\/td>\n<td style=\"text-align: center\">$ 0,0335<\/td>\n<td style=\"text-align: center\">$ 3,35<\/td>\n<\/tr>\n<tr>\n<td>USD\/JPY<\/td>\n<td style=\"text-align: center\">0,27<\/td>\n<td style=\"text-align: center\">$ 2,25 \/ $ 0,0225<\/td>\n<td style=\"text-align: center\">$ 0,0408<\/td>\n<td style=\"text-align: center\">$ 4,08<\/td>\n<\/tr>\n<tr>\n<td>EUR\/GBP<\/td>\n<td style=\"text-align: center\">0,39<\/td>\n<td style=\"text-align: center\">$ 2,25 \/ $ 0,0225<\/td>\n<td style=\"text-align: center\">$ 0,0755<\/td>\n<td style=\"text-align: center\">$ 7,55<\/td>\n<\/tr>\n<tr>\n<td>GBP\/USD<\/td>\n<td style=\"text-align: center\">0,24<\/td>\n<td style=\"text-align: center\">$ 2,25 \/ $ 0,0225<\/td>\n<td style=\"text-align: center\">$ 0,0465<\/td>\n<td style=\"text-align: center\">$ 4,65<\/td>\n<\/tr>\n<tr>\n<td>AUD\/USD<\/td>\n<td style=\"text-align: center\">0,12<\/td>\n<td style=\"text-align: center\">$ 2,25 \/ $ 0,0225<\/td>\n<td style=\"text-align: center\">$ 0,0345<\/td>\n<td style=\"text-align: center\">$ 3,45<\/td>\n<\/tr>\n<tr>\n<td>USD\/CAD<\/td>\n<td style=\"text-align: center\">0,22<\/td>\n<td style=\"text-align: center\">$ 2,25 \/ $ 0,0225<\/td>\n<td style=\"text-align: center\">$ 0,0386<\/td>\n<td style=\"text-align: center\">$ 3,85<\/td>\n<\/tr>\n<tr>\n<td>USD\/CHF<\/td>\n<td style=\"text-align: center\">0,24<\/td>\n<td style=\"text-align: center\">$ 2,25 \/ $ 0,0225<\/td>\n<td style=\"text-align: center\">$ 0,0526<\/td>\n<td style=\"text-align: center\">$ 5,26<\/td>\n<\/tr>\n<tr>\n<td>USD\/CNH<\/td>\n<td style=\"text-align: center\">7,22<\/td>\n<td style=\"text-align: center\">$ 2,25 \/ $ 0,0225<\/td>\n<td style=\"text-align: center\">$ 0,1230<\/td>\n<td style=\"text-align: center\">$ 12,30<\/td>\n<\/tr>\n<tr>\n<td>NZD\/USD<\/td>\n<td style=\"text-align: center\">0,23<\/td>\n<td style=\"text-align: center\">$ 2,25 \/ $ 0,0225<\/td>\n<td style=\"text-align: center\">$ 0,0455<\/td>\n<td style=\"text-align: center\">$ 4,55<\/td>\n<\/tr>\n<\/tbody>\n<\/table>\n<\/div>\n<p style=\"text-align: center;font-size: 13px\"><em>*De waarden betreffen de gemiddelde ruwe spreads zonder de opslag van 0,9 pip. **De tweede waarde is de commissie per microlot per zijde. <strong>De kostprijs per lot omvat zowel spread- als commissiekosten<\/strong>.<\/em><\/p>\n<p>Uit de tabellen blijkt dat <strong>Zero accounts gunstigere voorwaarden bieden dan commissievrije Classic-accounts<\/strong> bij Fusion Markets. E\u00e9n standaardlot in EUR\/USD kost $ 10,10 per zijde in een Classic account, bijna drie keer zoveel als in een Zero account, waar de kosten slechts $ 3,35 per zijde bedragen ($ 1,10 spread plus $ 2,25 commissie). Mini- en microlot handelaars betalen respectievelijk $ 0,36 en $ 0,03 per zijde bij een spread van 0,11 pips en commissies van $ 0,25 en $ 0,025.<\/p>\n<h2 id=\"overnight\"><i class=\"ico ico--clock\"><\/i>Overnight-financieringskosten bij Fusion Markets<\/h2>\n<p>Geleverde posities brengen extra rollover-kosten met zich mee wanneer ze \u2019s nachts openstaan. Deze kosten lopen op bij langdurig openstaande posities en vormen een aanzienlijk deel van uw totale handelskosten. Het goede nieuws is dat <strong>Fusion Markets relatief lage overnight-financieringsrentes hanteert<\/strong> in vergelijking met veel concurrenten. <\/p>\n<p>Swapkosten vari\u00ebren per valuta, accounttype, valutapaar, tradegrootte en hefboom. <strong>Op woensdag worden drievoudige (drie-daagse) swaps berekend<\/strong>. De eenvoudigste manier om uw overnight-kosten te berekenen is de swapcalculator van Fusion Markets. U kunt ook de door de broker verstrekte formule gebruiken.<\/p>\n<p><strong>F = SR \u00d7 LN \u00d7 PV<\/strong><\/p>\n<ul class=\"list-checks\">\n<li>F staat voor de dagelijkse overnight-financieringskosten (positief of negatief).<\/li>\n<li>SR staat voor het swap-tarief.<\/li>\n<li>LN is het aantal lots.<\/li>\n<li>PV betekent pipwaarde (bijv. 1 pip = $ 10 bij standaardlots).<\/li>\n<\/ul>\n<p>Fusion Markets toont swap-tarieven niet rechtstreeks op de website. Om de actuele long- en short-swaps te bekijken opent u in MT4 of MT5 op desktop uw live account, klikt u met de rechtermuisknop op het gewenste valutapaar en kiest u Specificaties. <\/p>\n<p><img decoding=\"async\" src=\"https:\/\/www.bestbrokers.com\/wp-content\/uploads\/2025\/02\/fusion-markets-overnight-funding-costs.webp\" alt=\"fusion markets overnight funding costs\" class=\"aligncenter\"><\/p>\n<p>U kunt ook de <strong>gratis swapcalculator<\/strong> van Fusion Markets gebruiken. Selecteer de activaklasse (bijv. Forex), het symbool, de basisvaluta van uw account en het handelsvolume in lots. De calculator toont vervolgens uw long- en short-swaps in de basis- en omgerekende valuta. <\/p>\n<div class=\"table-responsive\">\n<table class=\"table table--colorful\">\n<thead>\n<tr>\n<th colspan=\"5\" style=\"background-color: #fff\">Swap-tarieven* van Fusion Markets voor belangrijke valutaparen<\/th>\n<\/tr>\n<tr>\n<th>Valutapaar<\/th>\n<th>Basisvaluta<\/th>\n<th>Volume in lots<\/th>\n<th>Long swaps<\/th>\n<th>Short swaps<\/th>\n<\/tr>\n<\/thead>\n<tbody>\n<tr>\n<td>EUR\/USD<\/td>\n<td style=\"text-align: center\">USD<\/td>\n<td style=\"text-align: center\">1<\/td>\n<td style=\"text-align: center\">-6,93<\/td>\n<td style=\"text-align: center\">1,19<\/td>\n<\/tr>\n<tr>\n<td>USD\/JPY<\/td>\n<td style=\"text-align: center\">USD<\/td>\n<td style=\"text-align: center\">1<\/td>\n<td style=\"text-align: center\">10,17<\/td>\n<td style=\"text-align: center\">-24,96<\/td>\n<\/tr>\n<tr>\n<td>EUR\/GBP<\/td>\n<td style=\"text-align: center\">USD<\/td>\n<td style=\"text-align: center\">1<\/td>\n<td style=\"text-align: center\">-6,68<\/td>\n<td style=\"text-align: center\">1,54<\/td>\n<\/tr>\n<tr>\n<td>GBP\/USD<\/td>\n<td style=\"text-align: center\">USD<\/td>\n<td style=\"text-align: center\">1<\/td>\n<td style=\"text-align: center\">-2,16<\/td>\n<td style=\"text-align: center\">-4,79<\/td>\n<\/tr>\n<tr>\n<td>AUD\/USD<\/td>\n<td style=\"text-align: center\">USD<\/td>\n<td style=\"text-align: center\">1<\/td>\n<td style=\"text-align: center\">-3,02<\/td>\n<td style=\"text-align: center\">-3,06<\/td>\n<\/tr>\n<tr>\n<td>USD\/CAD<\/td>\n<td style=\"text-align: center\">USD<\/td>\n<td style=\"text-align: center\">1<\/td>\n<td style=\"text-align: center\">2,48<\/td>\n<td style=\"text-align: center\">-8,96<\/td>\n<\/tr>\n<tr>\n<td>USD\/CHF<\/td>\n<td style=\"text-align: center\">USD<\/td>\n<td style=\"text-align: center\">1<\/td>\n<td style=\"text-align: center\">5,09<\/td>\n<td style=\"text-align: center\">-14,47<\/td>\n<\/tr>\n<tr>\n<td>USD\/CNH<\/td>\n<td style=\"text-align: center\">USD<\/td>\n<td style=\"text-align: center\">1<\/td>\n<td style=\"text-align: center\">-80,94<\/td>\n<td style=\"text-align: center\">-168,34<\/td>\n<\/tr>\n<tr>\n<td>NZD\/USD<\/td>\n<td style=\"text-align: center\">USD<\/td>\n<td style=\"text-align: center\">1<\/td>\n<td style=\"text-align: center\">-1,71<\/td>\n<td style=\"text-align: center\">-1,62<\/td>\n<\/tr>\n<\/tbody>\n<\/table>\n<\/div>\n<p style=\"text-align: center;font-size: 13px\"><em>*Swap-tarieven worden weergegeven in punten en kunnen wijzigen. De swaps voor long- en short-posities tonen de dagelijkse kosten voor klanten met een USD-account die 1 standaardlot in het betreffende valutapaar aanhouden.<\/em><\/p>\n<h2 id=\"swap\"><i class=\"ico ico--islamic-account\"><\/i>Kosten voor swap-free handelen bij Fusion Markets<\/h2>\n<p>Fusion Markets biedt swap-free accounts aan klanten die om religieuze redenen geen rente mogen betalen of ontvangen. Dit accounttype maakt het mogelijk om posities na sluiting van de markt aan te houden zonder overnight-kosten (zoals bij standaard CFD-accounts). In plaats daarvan betalen <strong>swap-free handelaars administratieve kosten<\/strong> wanneer posities langer dan zeven dagen openstaan. <\/p>\n<p>Concreet houdt dit in dat de broker de administratieve kosten slechts \u00e9\u00e9n keer aftrekt als u uw hefboompositie bijvoorbeeld tien dagen na opening sluit. Let op: <strong>niet alle valutaparen komen in aanmerking voor swap-free handelen<\/strong> omdat sommige hogere swapkosten met zich meebrengen. Hierdoor wordt het voor Fusion Markets moeilijker om de kosten bij swap-free accounts eerlijk te beheren. <\/p>\n<div class=\"table-responsive\">\n<table class=\"table table--colorful\">\n<thead>\n<tr>\n<th colspan=\"3\" style=\"background-color: #fff\">Administratieve kosten voor swap-free Forex-handelen bij Fusion Markets<\/th>\n<\/tr>\n<tr>\n<th>Valutapaar<\/th>\n<th>Administratieve kosten<\/th>\n<th>Valutapaar<\/th>\n<th>Administratieve kosten<\/th>\n<\/tr>\n<\/thead>\n<tbody>\n<tr>\n<td>EUR\/USD<\/td>\n<td style=\"text-align: center\">$ 50<\/td>\n<td style=\"text-align: center\">AUD\/USD<\/td>\n<td style=\"text-align: center\">$ 30<\/td>\n<\/tr>\n<tr>\n<td>USD\/JPY<\/td>\n<td style=\"text-align: center\">$ 150<\/td>\n<td style=\"text-align: center\">USD\/CAD<\/td>\n<td style=\"text-align: center\">$ 30<\/td>\n<\/tr>\n<tr>\n<td>EUR\/GBP<\/td>\n<td style=\"text-align: center\">$ 50<\/td>\n<td style=\"text-align: center\">USD\/CHF<\/td>\n<td style=\"text-align: center\">$ 100<\/td>\n<\/tr>\n<tr>\n<td>GBP\/USD<\/td>\n<td style=\"text-align: center\">$ 20<\/td>\n<td style=\"text-align: center\">XAU\/USD<\/td>\n<td style=\"text-align: center\">$ 200<\/td>\n<\/tr>\n<tr>\n<td>USD\/HKD<\/td>\n<td style=\"text-align: center\">$ 30<\/td>\n<td style=\"text-align: center\">NZD\/USD<\/td>\n<td style=\"text-align: center\">$ 10<\/td>\n<\/tr>\n<\/tbody>\n<\/table>\n<\/div>\n<p>Fusion Markets <strong>biedt swap-free handelen aan in alle landen waar dit wettelijk is toegestaan op basis van de VFSC-, FSAS- en ASIC-licenties<\/strong>. De service is niet beschikbaar in onder andere Japan, Nieuw-Zeeland, Ontario, Rusland, Oekra\u00efne, Syri\u00eb, Spanje, Puerto Rico, Soedan, Irak en de Verenigde Staten. <\/p>\n<h2 id=\"other\"><i class=\"ico ico--administration-fees\"><\/i>Niet-handelsgerelateerde kosten bij Fusion Markets<\/h2>\n<p>Naast handelskosten moeten potenti\u00eble klanten ook rekening houden met bijkomende kosten voor transacties, accountonderhoud, copytrading en abonnementen zoals VPS-hosting. Fusion Markets <strong>rekent geen extra kosten voor stortingen en opnames<\/strong>. Een live account openen is gratis, net als oefenen met een demo-account. De broker hanteert ook geen inactiviteitskosten. <\/p>\n<p><strong>Copytrading gaat gepaard met extra kosten<\/strong>. Signaalaanbieders en hun volgers gebruiken de service gratis mits zij maandelijks minimaal 2,5 lots in Forex en metalen verhandelen. Klanten die niet aan deze eis voldoen, betalen $ 10 per maand om de kosten van de broker te dekken. Afhankelijk van de gekozen signaalaanbieder kan ook een <strong>prestatievergoeding tot 30%<\/strong> gelden. <\/p>\n<div class=\"table-responsive\">\n<table class=\"table\">\n<thead>\n<tr>\n<th colspan=\"2\">Niet-handelsgerelateerde kosten bij Fusion Markets in \u00e9\u00e9n oogopslag<\/th>\n<\/tr>\n<\/thead>\n<tbody>\n<tr>\n<td>Stortingskosten<\/td>\n<td>Geen<\/td>\n<\/tr>\n<tr>\n<td>Opnamekosten<\/td>\n<td>Geen<\/td>\n<\/tr>\n<tr>\n<td>Kosten voor het openen van een account<\/td>\n<td>Gratis<\/td>\n<\/tr>\n<tr>\n<td>Inactiviteitskosten<\/td>\n<td>Geen<\/td>\n<\/tr>\n<tr>\n<td>VPS-hostingabonnement<\/td>\n<td>\n<ul class=\"list-checks\">\n<li>Tot $ 60 per maand (NYCServers)<\/li>\n<li>Tot $ 600 per jaar (NYCServers)<\/li>\n<\/ul>\n<\/td>\n<\/tr>\n<tr>\n<td>Copytrading<\/td>\n<td>\n<ul class=\"list-checks\">\n<li>$ 10 per maand (gratis voor klanten met een maandelijkse Forex-omzet van \u2265 2,5 lots)<\/li>\n<li>Prestatievergoeding tot 30%<\/li>\n<\/ul>\n<\/td>\n<\/tr>\n<\/tbody>\n<\/table>\n<\/div>\n<p>Fusion Markets biedt een <strong>VPS-hostingservice<\/strong> met lage vertragin in samenwerking met New York City Servers. De dienst is abonnement-gebaseerd, met keuze uit drie maand- of jaarpakketten. Een jaarabonnement is voordeliger omdat de maandprijs lager uitvalt.<\/p>\n<div class=\"table-responsive\">\n<table class=\"table table--orange\">\n<thead>\n<tr>\n<th colspan=\"6\" style=\"background-color: #fff\">Abonnementen voor VPS-hosting bij Fusion Markets<\/th>\n<\/tr>\n<tr>\n<th>Abonnement<\/th>\n<th>Maandelijkse kosten*<\/th>\n<th>Jaarlijkse kosten*<\/th>\n<th>Serverlocaties<\/th>\n<th>RAM<\/th>\n<th>Geschikt voor<\/th>\n<\/tr>\n<\/thead>\n<tbody>\n<tr>\n<td>Basic VPS<\/td>\n<td style=\"text-align: center\">$ 25<\/td>\n<td style=\"text-align: center\">$ 250<\/td>\n<td style=\"text-align: center\">Londen, New York, Tokio<\/td>\n<td style=\"text-align: center\">2 GB<\/td>\n<td style=\"text-align: center\">Tot 2 handelsaccounts<\/td>\n<\/tr>\n<tr>\n<td>Standard VPS<\/td>\n<td style=\"text-align: center\">$ 40<\/td>\n<td style=\"text-align: center\">$ 400<\/td>\n<td style=\"text-align: center\">Londen, New York, Tokio<\/td>\n<td style=\"text-align: center\">4 GB<\/td>\n<td style=\"text-align: center\">3\u20136 handelsaccounts<\/td>\n<\/tr>\n<tr>\n<td>Professional VPS<\/td>\n<td style=\"text-align: center\">$ 60<\/td>\n<td style=\"text-align: center\">$ 600<\/td>\n<td style=\"text-align: center\">Londen, New York, Tokio<\/td>\n<td style=\"text-align: center\">8 GB<\/td>\n<td style=\"text-align: center\">Tot 7 handelsaccounts<\/td>\n<\/tr>\n<\/tbody>\n<\/table>\n<\/div>\n<p style=\"text-align: center;font-size: 13px\"><em>*Dit zijn de reguliere tarieven zonder abonnementskortingen.<\/em><\/p>\n<p>Klanten met een maandelijkse handelsomzet van meer dan 20 lots in metalen en Forex komen in aanmerking voor <strong>gratis VPS-hosting, gesponsord door Fusion Markets<\/strong>. Om hiervan gebruik te maken moeten zij de service aanvragen via hun Fusion Hub. De broker stuurt vervolgens de VPS-gegevens en vergoedt de abonnementskosten. <\/p>\n<h2 id=\"conclusion\"><i class=\"ico ico--pen\"><\/i>Slotgedachten over de kosten van Fusion Markets<\/h2>\n<p>Al met al biedt Fusion Markets iets <strong>gunstigere handelsvoorwaarden dan zijn naaste concurrenten<\/strong>. De broker rekent de laagste round-turn commissies die wij tot nu toe hebben gezien, gecombineerd met smalle spreads vanaf nul pips voor de meest liquide valutaparen. Uit ons onderzoek bleek dat klanten hun kosten verder kunnen verlagen door voor een commissiegebaseerd account te kiezen. <\/p>\n<p>De totale handelskosten voor de meeste grote valutaparen liggen in Classic accounts ongeveer drie keer hoger dan in Zero accounts. Dankzij de nagenoeg afwezige accountkosten <strong>profileert Fusion Markets zich als een aantrekkelijke keuze voor handelaars die hun winst willen maximaliseren<\/strong> en hun uitgaven willen beperken. Lees onze volledige review van <a href=\"https:\/\/www.bestbrokers.com\/nl\/reviews\/fusion-markets\/\">Fusion Markets<\/a> als u meer wilt weten over deze discountbroker. <\/p>\n","protected":false},"excerpt":{"rendered":"<p>Met vergunningen in Australi\u00eb, Vanuatu en de Seychellen biedt Fusion Markets uiterst voordelig handelen in meer dan 250 financi\u00eble markten, waaronder 90 valutaparen, grondstoffen, indexen, cryptovaluta en CFD\u2019s op Amerikaanse aandelen. De broker levert ECN-orderuitvoering zonder tussenkomst van een dealing desk en zorgt zo voor de best mogelijke prijsfeeds via een netwerk van betrouwbare liquiditeitsverschaffers. [&hellip;]<\/p>\n","protected":false},"author":2,"featured_media":0,"parent":47284,"menu_order":0,"comment_status":"closed","ping_status":"closed","template":"templates\/review.php","meta":{"footnotes":""},"class_list":["post-59556","page","type-page","status-publish","hentry"],"aioseo_notices":[],"_links":{"self":[{"href":"https:\/\/www.bestbrokers.com\/nl\/wp-json\/wp\/v2\/pages\/59556","targetHints":{"allow":["GET"]}}],"collection":[{"href":"https:\/\/www.bestbrokers.com\/nl\/wp-json\/wp\/v2\/pages"}],"about":[{"href":"https:\/\/www.bestbrokers.com\/nl\/wp-json\/wp\/v2\/types\/page"}],"author":[{"embeddable":true,"href":"https:\/\/www.bestbrokers.com\/nl\/wp-json\/wp\/v2\/users\/2"}],"replies":[{"embeddable":true,"href":"https:\/\/www.bestbrokers.com\/nl\/wp-json\/wp\/v2\/comments?post=59556"}],"version-history":[{"count":7,"href":"https:\/\/www.bestbrokers.com\/nl\/wp-json\/wp\/v2\/pages\/59556\/revisions"}],"predecessor-version":[{"id":71299,"href":"https:\/\/www.bestbrokers.com\/nl\/wp-json\/wp\/v2\/pages\/59556\/revisions\/71299"}],"up":[{"embeddable":true,"href":"https:\/\/www.bestbrokers.com\/nl\/wp-json\/wp\/v2\/pages\/47284"}],"wp:attachment":[{"href":"https:\/\/www.bestbrokers.com\/nl\/wp-json\/wp\/v2\/media?parent=59556"}],"curies":[{"name":"wp","href":"https:\/\/api.w.org\/{rel}","templated":true}]}}