{"id":59559,"date":"2025-03-19T09:16:41","date_gmt":"2025-03-19T09:16:41","guid":{"rendered":"https:\/\/www.bestbrokers.com\/?page_id=59559"},"modified":"2025-10-22T09:07:49","modified_gmt":"2025-10-22T09:07:49","slug":"spreads-fees-and-commissions","status":"publish","type":"page","link":"https:\/\/www.bestbrokers.com\/nl\/reviews\/pepperstone\/spreads-fees-and-commissions\/","title":{"rendered":"Pepperstone spreads, kosten en commissies"},"content":{"rendered":"<div class=\"author-line\">Geschreven door <span class=\"author\">Naylyan Nazifova<div class=\"author-sub-box\"><div class=\"author-avatar\"><img decoding=\"async\" src=\"https:\/\/www.bestbrokers.com\/wp-content\/uploads\/2026\/04\/nnazifova.webp\" \/><\/div><div class=\"author-info-wrapper\"><div class=\"author-name\"><a href=\"https:\/\/www.bestbrokers.com\/nl\/authors\/naylyan-nazifova\/\">Naylyan Nazifova<\/a><\/div><div class=\"author-bio\">Naylyan Nazifova is een erkende expert op het gebied van online handelen. Ze heeft veel publicaties en analyses over forex trading, beleggen in aandelen en persoonlijke financi\u00ebn.<\/div><\/div><\/div><\/span>,  <a rel=\"nofollow\" target=\"_blank\" href=\"https:\/\/www.linkedin.com\/in\/naylian-nazifova-58562a272\/\"><img decoding=\"async\" class=\"social-icon\" src=\"https:\/\/www.bestbrokers.com\/wp-content\/themes\/best-brokers\/assets\/images\/icon-linkedin.svg\" data-no-lazy=\"1\"><\/a> <span class=\"sep\">|<\/span> Vertaald door <span class=\"author\">Linda Canter<div class=\"author-sub-box\"><div class=\"author-info-wrapper\"><div class=\"author-name\">Linda Canter<\/div><div class=\"author-bio\">Linda Canter is een Nederlandstalige vertaler en copywriter voor financi\u00eble en beleggingscontent die brokers, fintechs en platforms helpt websites, apps en marketing voor de Nederlandse markt te lokaliseren met slimme, investeerdersvriendelijke formuleringen.<\/div><\/div><\/div><\/span> <span class=\"sep\">|<\/span> Bijgewerkt: <time class=\"entry-date\" datetime=\"2025-10-22T09:07:49+00:00\">oktober 22, 2025<\/time><\/div>\n<p>Wanneer u de beste broker wilt kiezen, is het altijd raadzaam om de handelskosten te controleren, zodat u de broker kiest met de meest kosteneffici\u00ebnte handelsvoorwaarden. Bij Pepperstone kunnen gebruikers een groot aantal Forex- en CFD-instrumenten verhandelen, met <strong>lage commissies en krappe spreads<\/strong>, wat resulteert in zeer lage handelskosten. In dit artikel bespreken we alle handels- en niet-handelsgerelateerde kosten die op uw Pepperstone accountvan toepassing kunnen zijn. Wilt u de totale kosten van handelen bij deze broker kennen, lees dan zeker verder.<\/p>\n<h2 id=\"costs\"><i class=\"ico ico--money-supply\"><\/i>Pepperstone handelskosten<\/h2>\n<p>Wanneer u een account bij Pepperstone opent, kunt u beginnen met een demo-account, zodat u de markten in realtime kunt verkennen zonder echt geld te riskeren. Voor live-accounts kunnen handelaars kiezen <strong>tussen de varianten Standaard en Razor<\/strong>. Hoewel de twee accountversies qua contractgrootte, ondersteunde valuta\u2019s en hefboom veel overeenkomsten vertonen, hanteren zij verschillende prijsmodellen.<\/p>\n<p>Het Standaard account van Pepperstone volgt een uitsluitend spread-prijsmodel: u betaalt alleen de spread wanneer u een valutapaar of een ander verhandelbaar activum koopt of verkoopt. U kunt de belangrijke Forex-paren verhandelen met <strong>spreads vanaf 1 pip<\/strong> en zonder commissies.<\/p>\n<p>Hoewel het Standaard account al redelijk concurrerende prijzen biedt, profiteert u met het Razor account van nog lagere handelskosten. Er wordt weliswaar <strong>een kleine commissie van $ 3,50 per lot<\/strong> per zijde van de transactie berekend, maar het Razor account biedt spreads op grote Forex-paren die al bij 0,0 pips beginnen. <\/p>\n<div class=\"table-responsive\">\n<table class=\"table table--colorful\">\n<thead>\n<tr>\n<th colspan=\"4\" style=\"background-color: #fff\">Razor account: commissietarieven voor een round-trip op basis van accountvaluta<\/th>\n<\/tr>\n<tr>\n<th>Basisvaluta<\/th>\n<th>Per standaardlot<\/th>\n<th>Per minilot<\/th>\n<th>Per microlot<\/th>\n<\/tr>\n<\/thead>\n<tbody>\n<tr>\n<td>USD<\/td>\n<td style=\"text-align: center\">$ 7<\/td>\n<td style=\"text-align: center\">$ 0,70<\/td>\n<td style=\"text-align: center\">$ 0,07<\/td>\n<\/tr>\n<tr>\n<td>EUR<\/td>\n<td style=\"text-align: center\">\u20ac 5,20<\/td>\n<td style=\"text-align: center\">\u20ac 0,52<\/td>\n<td style=\"text-align: center\">\u20ac 0,052<\/td>\n<\/tr>\n<tr>\n<td>GBP<\/td>\n<td style=\"text-align: center\">\u00a3 4,50<\/td>\n<td style=\"text-align: center\">\u00a3 0,45<\/td>\n<td style=\"text-align: center\">\u00a3 0,045<\/td>\n<\/tr>\n<tr>\n<td>CHF<\/td>\n<td style=\"text-align: center\">CHF 6,60<\/td>\n<td style=\"text-align: center\">CHF 0,66<\/td>\n<td style=\"text-align: center\">CHF 0,066<\/td>\n<\/tr>\n<\/tbody>\n<\/table>\n<\/div>\n<p>Om u te laten zien wat de werkelijke kosten zijn van handelen op de Forex-markt met de Standaard en Razor accounts van Pepperstone, geven wij een voorbeeld waarbij we hetzelfde valutapaar via beide accounts verhandelen. In ons voorbeeld bekijken we <strong>een transactie van \u00e9\u00e9n standaardlot EUR\/USD<\/strong>, waarbij een beweging van \u00e9\u00e9n pip gelijkstaat aan $ 10. Om de berekening eenvoudig te houden gaan we ervan uit dat de transactie op hetzelfde prijsniveau wordt geopend en gesloten. <\/p>\n<p>Op het moment van schrijven bedraagt de gemiddelde spread op EUR\/USD voor het Standaard account 1,1 pips met <strong>nul commissie<\/strong>. De gemiddelde spread op hetzelfde valutapaar bij een Razor account is daarentegen 0,1 pips, met een commissie van $ 3,50 per zijde voor \u00e9\u00e9n lot. Dat resulteert in de volgende handelskosten:<\/p>\n<hr style=\"height:2px;border-width:0;color:#dee2e6;background-color:#dee2e6;clear: both\">\n<strong>Standard-account:<\/strong><\/p>\n<p>Spread: 1,1 pips<br \/>\nTotale kosten: 1,10 \u00d7 $ 10 = $ 11 per zijde of $ 22 voor een round-trip<\/p>\n<hr style=\"height:2px;border-width:0;color:#dee2e6;background-color:#dee2e6;clear: both\">\n<strong>Razor-account:<\/strong><\/p>\n<p>Spread: 0,1 pips<br \/>\nSpreadkosten: 0,1 \u00d7 $ 10 = $ 1 per zijde<br \/>\nCommissie: $ 3,50 per zijde<br \/>\nTotale kosten: ($ 1) \u00d7 2 + ($ 3,50) \u00d7 2 = $ 2 + $ 7 = $ 9 voor een round-trip<\/p>\n<hr style=\"height:2px;border-width:0;color:#dee2e6;background-color:#dee2e6;clear: both\">\nZoals u ziet, is de uiteindelijke transactiekost bij het Razor account, ondanks de commissie voor het handelen in EUR\/USD, aanzienlijk lager dan die van het Standaard account, dankzij het grote verschil in spreads.<\/p>\n<p>Hieronder vindt u tabellen met de <strong>totale kost per transactie<\/strong> per zijde voor populaire Forex-paren. De berekeningen zijn gebaseerd op de huidige spreads van de Standaard en Razor accounts en tonen de kosten zowel voor een microlot als voor een standaardlot.<\/p>\n<div class=\"table-responsive\">\n<table class=\"table table--colorful\">\n<thead>\n<tr>\n<th colspan=\"5\" style=\"background-color: #fff\">Gemiddelde spreadkosten bij Standaard accounts<\/th>\n<\/tr>\n<tr>\n<th>Valutapaar<\/th>\n<th>Spread (in pips)<\/th>\n<th>Commissie per zijde<\/th>\n<th>Kosten per microlot<\/th>\n<th>Kosten per standaardlot<\/th>\n<\/tr>\n<\/thead>\n<tbody>\n<tr>\n<td>EUR\/USD<\/td>\n<td style=\"text-align: center\">1,1<\/td>\n<td style=\"text-align: center\">$ 0<\/td>\n<td style=\"text-align: center\">$ 0,110<\/td>\n<td style=\"text-align: center\">$ 11,00<\/td>\n<\/tr>\n<tr>\n<td>USD\/JPY<\/td>\n<td style=\"text-align: center\">1,2<\/td>\n<td style=\"text-align: center\">$ 0<\/td>\n<td style=\"text-align: center\">$ 0,082<\/td>\n<td style=\"text-align: center\">$ 8,16<\/td>\n<\/tr>\n<tr>\n<td>EUR\/GBP<\/td>\n<td style=\"text-align: center\">1,3<\/td>\n<td style=\"text-align: center\">$ 0<\/td>\n<td style=\"text-align: center\">$ 0,176<\/td>\n<td style=\"text-align: center\">$ 17,58<\/td>\n<\/tr>\n<tr>\n<td>GBP\/USD<\/td>\n<td style=\"text-align: center\">1,2<\/td>\n<td style=\"text-align: center\">$ 0<\/td>\n<td style=\"text-align: center\">$ 0,093<\/td>\n<td style=\"text-align: center\">$ 9,35<\/td>\n<\/tr>\n<tr>\n<td>AUD\/USD<\/td>\n<td style=\"text-align: center\">1,1<\/td>\n<td style=\"text-align: center\">$ 0<\/td>\n<td style=\"text-align: center\">$ 0,110<\/td>\n<td style=\"text-align: center\">$ 11,00<\/td>\n<\/tr>\n<tr>\n<td>USD\/CAD<\/td>\n<td style=\"text-align: center\">1,5<\/td>\n<td style=\"text-align: center\">$ 0<\/td>\n<td style=\"text-align: center\">$ 0,109<\/td>\n<td style=\"text-align: center\">$ 10,91<\/td>\n<\/tr>\n<tr>\n<td>USD\/CHF<\/td>\n<td style=\"text-align: center\">1,40<\/td>\n<td style=\"text-align: center\">$ 0<\/td>\n<td style=\"text-align: center\">$ 0,175<\/td>\n<td style=\"text-align: center\">$ 17,51<\/td>\n<\/tr>\n<tr>\n<td>USD\/CNH<\/td>\n<td style=\"text-align: center\">8,0<\/td>\n<td style=\"text-align: center\">$ 0<\/td>\n<td style=\"text-align: center\">$ 0,112<\/td>\n<td style=\"text-align: center\">$ 11,22<\/td>\n<\/tr>\n<tr>\n<td>NZD\/USD<\/td>\n<td style=\"text-align: center\">1,4<\/td>\n<td style=\"text-align: center\">$ 0<\/td>\n<td style=\"text-align: center\">$ 0,140<\/td>\n<td style=\"text-align: center\">$ 14,00<\/td>\n<\/tr>\n<\/tbody>\n<\/table>\n<\/div>\n<p style=\"text-align: center;font-size: 13px\"><em>*Alle handelskosten voor valutaparen zijn uitgedrukt in USD<\/em><\/p>\n<div class=\"table-responsive\">\n<table class=\"table table--colorful\">\n<thead>\n<tr>\n<th colspan=\"5\" style=\"background-color: #fff\">Gemiddelde spreadkosten bij Razor accounts<\/th>\n<\/tr>\n<tr>\n<th>Valutapaar<\/th>\n<th>Spread (in pips)<\/th>\n<th>Commissie per zijde<\/th>\n<th>Kosten per microlot<\/th>\n<th>Kosten per standaardlot<\/th>\n<\/tr>\n<\/thead>\n<tbody>\n<tr>\n<td>EUR\/USD<\/td>\n<td style=\"text-align: center\">0,1<\/td>\n<td style=\"text-align: center\">$ 3,50\/$ 0,035<\/td>\n<td style=\"text-align: center\">$ 0,045<\/td>\n<td style=\"text-align: center\">$ 4,50<\/td>\n<\/tr>\n<tr>\n<td>USD\/JPY<\/td>\n<td style=\"text-align: center\">0,2<\/td>\n<td style=\"text-align: center\">$ 3,50\/$ 0,035<\/td>\n<td style=\"text-align: center\">$ 0,049<\/td>\n<td style=\"text-align: center\">$ 4,86<\/td>\n<\/tr>\n<tr>\n<td>EUR\/GBP<\/td>\n<td style=\"text-align: center\">0,3<\/td>\n<td style=\"text-align: center\">$ 3,50\/$ 0,035<\/td>\n<td style=\"text-align: center\">$ 0,441<\/td>\n<td style=\"text-align: center\">$ 7,56<\/td>\n<\/tr>\n<tr>\n<td>GBP\/USD<\/td>\n<td style=\"text-align: center\">0,2<\/td>\n<td style=\"text-align: center\">$ 3,50\/$ 0,035<\/td>\n<td style=\"text-align: center\">$ 0,055<\/td>\n<td style=\"text-align: center\">$ 5,50<\/td>\n<\/tr>\n<tr>\n<td>AUD\/USD<\/td>\n<td style=\"text-align: center\">0,1<\/td>\n<td style=\"text-align: center\">$ 3,50\/$ 0,035<\/td>\n<td style=\"text-align: center\">$ 0,045<\/td>\n<td style=\"text-align: center\">$ 4,50<\/td>\n<\/tr>\n<tr>\n<td>USD\/CAD<\/td>\n<td style=\"text-align: center\">0,5<\/td>\n<td style=\"text-align: center\">$ 3,50\/$ 0,035<\/td>\n<td style=\"text-align: center\">$ 0,071<\/td>\n<td style=\"text-align: center\">$ 7,14<\/td>\n<\/tr>\n<tr>\n<td>USD\/CHF<\/td>\n<td style=\"text-align: center\">0,4<\/td>\n<td style=\"text-align: center\">$ 3,50\/$ 0,035<\/td>\n<td style=\"text-align: center\">$ 0,085<\/td>\n<td style=\"text-align: center\">$ 8,50<\/td>\n<\/tr>\n<tr>\n<td>USD\/CNH<\/td>\n<td style=\"text-align: center\">7,0<\/td>\n<td style=\"text-align: center\">$ 3,50\/$ 0,035<\/td>\n<td style=\"text-align: center\">$ 0,133<\/td>\n<td style=\"text-align: center\">$ 13,32<\/td>\n<\/tr>\n<tr>\n<td>NZD\/USD<\/td>\n<td style=\"text-align: center\">0,4<\/td>\n<td style=\"text-align: center\">$ 3,50\/$ 0,035<\/td>\n<td style=\"text-align: center\">$ 0,075<\/td>\n<td style=\"text-align: center\">$ 7,50<\/td>\n<\/tr>\n<\/tbody>\n<\/table>\n<\/div>\n<p style=\"text-align: center;font-size: 13px\"><em>*Alle handelskosten voor valutaparen zijn uitgedrukt in USD<\/em><\/p>\n<h2 id=\"overnight\"><i class=\"ico ico--clock\"><\/i>Pepperstone overnight-financieringskosten<\/h2>\n<p>Hoewel intraday-handelaars van elk accounttype bij Pepperstone kunnen profiteren, zijn er ook handelaars die voordeel willen halen uit het <strong>ontvangen van rente op posities die \u2019s nachts openblijven<\/strong>. Houd er rekening mee dat deze rente, ook wel swap-rente genoemd, ook in rekening kan worden gebracht wanneer uw posities \u2019s nachts openstaan, afhankelijk van of u long of short gaat.<\/p>\n<p>Swap-rentes zijn variabel omdat zij afhangen van interbancaire rentevoeten en andere marktomstandigheden. Hieronder vindt u een tabel met de swap-rentes die op het moment van schrijven gelden voor populaire valutaparen. Aangezien de Forex-markt in het weekend gesloten is en er dan geen swaps worden berekend of betaald, worden <strong>op woensdag de swap-rentes verdrievoudigd<\/strong>.<\/p>\n<p>U kunt de actuele swap-rentes per instrument eenvoudig terugvinden in de lijst met verhandelbare instrumenten op elk handelsplatform van Pepperstone, maar het is ook nuttig om te weten hoe de broker deze swaps berekent. Voor Forex en edelmetalen gebruikt Pepperstone de volgende formule:<\/p>\n<blockquote><p>Dagelijkse swapkosten\/-credit = Single Point \u00d7 (grootte van de transactie of notionele waarde \u00d7 tom-next-tarief*)<\/p><\/blockquote>\n<p style=\"text-align: center;font-size: 13px\"><em>*Pepperstone gebruikt gegevens van premium mondiale investeringsbanken om zijn tom-next-tarieven vast te stellen.<\/em><\/p>\n<div class=\"table-responsive\">\n<table class=\"table table--colorful\">\n<thead>\n<tr>\n<th colspan=\"5\" style=\"background-color: #fff\">Swap-rentes op populaire Forex-paren<\/th>\n<\/tr>\n<tr>\n<th>Symbool<\/th>\n<th>Basisvaluta<\/th>\n<th>Volume in lots<\/th>\n<th>Swap-long<\/th>\n<th>Swap-short<\/th>\n<\/tr>\n<\/thead>\n<tbody>\n<tr>\n<td>EUR\/USD<\/td>\n<td style=\"text-align: center\">USD<\/td>\n<td style=\"text-align: center\">1<\/td>\n<td style=\"text-align: center\">0,61000<\/td>\n<td style=\"text-align: center\">0,20000<\/td>\n<\/tr>\n<tr>\n<td>USD\/JPY<\/td>\n<td style=\"text-align: center\">USD<\/td>\n<td style=\"text-align: center\">1<\/td>\n<td style=\"text-align: center\">-0,710<\/td>\n<td style=\"text-align: center\">-2,130<\/td>\n<\/tr>\n<tr>\n<td>EUR\/GBP<\/td>\n<td style=\"text-align: center\">USD<\/td>\n<td style=\"text-align: center\">1<\/td>\n<td style=\"text-align: center\">0,64000<\/td>\n<td style=\"text-align: center\">0,21000<\/td>\n<\/tr>\n<tr>\n<td>GBP\/USD<\/td>\n<td style=\"text-align: center\">USD<\/td>\n<td style=\"text-align: center\">1<\/td>\n<td style=\"text-align: center\">0,14000<\/td>\n<td style=\"text-align: center\">-0,36000<\/td>\n<\/tr>\n<tr>\n<td>AUD\/USD<\/td>\n<td style=\"text-align: center\">USD<\/td>\n<td style=\"text-align: center\">1<\/td>\n<td style=\"text-align: center\">0,16000<\/td>\n<td style=\"text-align: center\">-0,11000<\/td>\n<\/tr>\n<tr>\n<td>USD\/CAD<\/td>\n<td style=\"text-align: center\">USD<\/td>\n<td style=\"text-align: center\">1<\/td>\n<td style=\"text-align: center\">-0,30000<\/td>\n<td style=\"text-align: center\">-0,92000<\/td>\n<\/tr>\n<tr>\n<td>USD\/CHF<\/td>\n<td style=\"text-align: center\">USD<\/td>\n<td style=\"text-align: center\">1<\/td>\n<td style=\"text-align: center\">-0,44000<\/td>\n<td style=\"text-align: center\">-1,21000<\/td>\n<\/tr>\n<tr>\n<td>NZD\/USD<\/td>\n<td style=\"text-align: center\">USD<\/td>\n<td style=\"text-align: center\">1<\/td>\n<td style=\"text-align: center\">0,16000<\/td>\n<td style=\"text-align: center\">-0,12000<\/td>\n<\/tr>\n<\/tbody>\n<\/table>\n<\/div>\n<p style=\"text-align: center;font-size: 13px\"><em>* Swap-rentes worden weergegeven in pip-aanpassingsformaat<\/em><\/p>\n<h2 id=\"swap\"><i class=\"ico ico--islamic-account\"><\/i>Swap-free handelskosten bij Pepperstone<\/h2>\n<p>Aangezien moslim-handelaars geen rente mogen betalen of ontvangen, biedt Pepperstone inwoners van bepaalde islamitische landen de mogelijkheid een swap-free account te openen. Zij ontvangen of betalen dan geen swapkosten wanneer hun posities \u2019s nachts openstaan. Hoewel dit accounttype <strong>swapkosten elimineert<\/strong>, worden er bij swap-free handelen zogeheten administratiekosten in rekening gebracht. Deze kosten worden geheven wanneer een transactie via een swap-free account langer dan 5 dagen openstaat. <\/p>\n<p>De administratiekosten gelden per standaardlot en worden afgeschreven van het account\u00adsaldo van de handelaar. Voor Forex- en edelmetaaltransacties via swap-free accounts bedraagt de adminkost $ 100 per verhandeld lot. <\/p>\n<p>De swap-free accountoptie is uitsluitend beschikbaar voor inwoners van Albani\u00eb, Bangladesh, Burkina Faso, Bahrein, Brunei, Brunei Darussalam, Algerije, Egypte, Indonesi\u00eb, Jordani\u00eb, Kirgizi\u00eb, Koeweit, Marokko, Mauritani\u00eb, Maldiven, Maleisi\u00eb, Niger, Oman, Pakistan, Qatar, Sierra Leone, Turkije, Oezbekistan en Kosovo.<\/p>\n<p>Ook Standaard accounts kunnen swap-free zijn en bieden een gemiddelde spread op EUR\/USD van <strong>0,77 pips<\/strong>. De contractgrootte via een swap-free account bij Pepperstone loopt van minimaal 0,01 lot tot maximaal 100 standaardlots. Er wordt geen commissie berekend, net als bij het gewone Standaard account van Pepperstone. Er zijn vier basis\u00advaluta\u2019s beschikbaar: AUD, EUR, GBP en USD. Scalpen, hedgen en het gebruik van EAs zijn toegestaan.<\/p>\n<h2 id=\"other\"><i class=\"ico ico--administration-fees\"><\/i>Niet-handelsgerelateerde kosten van Pepperstone<\/h2>\n<p>Naast commissies, spreads, swaps en administratiekosten moet ook rekening worden gehouden met eventuele niet-handelsgerelateerde kosten wanneer u bij Pepperstone handelt. Het openen van een account is gratis en ook voor het aanhouden van de account rekent Pepperstone geen kosten. Waar sommige brokers een inactiviteits\u00adtoeslag rekenen, wordt een Pepperstone-account dat langer dan 3 maanden niet is gebruikt gewoon gearchiveerd <strong>zonder dat er een inactiviteits\u00advergoeding wordt berekend<\/strong>.<\/p>\n<p>Voor het financieren van uw handelsaccount kunt u kiezen uit verschillende betaaloplossingen, waarvan de beschikbaarheid soms land\u00adafhankelijk is. Pepperstone brengt geen kosten in rekening voor stortingen, zodat u het volledige gestorte bedrag kunt gebruiken om te handelen. Ook bij het opnemen van geld <strong>worden geen extra kosten berekend<\/strong>, waardoor het gehele betaalproces bij Pepperstone zeer kosteneffici\u00ebnt is.<\/p>\n<p>Alle Pepperstone klanten hebben bovendien toegang tot een VPS-dienst (Virtual Private Server), die volledig door de broker wordt bekostigd zolang aan bepaalde voorwaarden wordt voldaan. Om de VPS-hosting van Pepperstone te gebruiken, moeten handelaars binnen 60 dagen een <strong>handelsvolume van $ 1.000.000 of meer<\/strong> behalen. Om kosteloos gebruik te blijven maken van de VPS-dienst moet aan deze minimale volume-eis worden voldaan. <\/p>\n<div class=\"table-responsive\">\n<table class=\"table\">\n<thead>\n<tr>\n<th colspan=\"2\">Niet-handelsgerelateerde kosten van Pepperstone<\/th>\n<\/tr>\n<\/thead>\n<tbody>\n<tr>\n<td>Stortingskosten<\/td>\n<td>Gratis<\/td>\n<\/tr>\n<tr>\n<td>Opnamekosten<\/td>\n<td>Gratis<\/td>\n<\/tr>\n<tr>\n<td>Kosten voor het openen van een account<\/td>\n<td>Gratis<\/td>\n<\/tr>\n<tr>\n<td>Inactiviteits\u00advergoeding<\/td>\n<td>Geen<\/td>\n<\/tr>\n<tr>\n<td>VPS-abonnement<\/td>\n<td>Gratis voor handelaars die in een periode van 60 dagen een handelsvolume van  USD 1.000.000 of meer aanhouden<\/td>\n<\/tr>\n<\/tbody>\n<\/table>\n<\/div>\n<h2 id=\"conclusion\"><i class=\"ico ico--pen\"><\/i>Slotbeschouwing over de kosten bij Pepperstone<\/h2>\n<p>Pepperstone is een gerenommeerde broker die zeer concurrerende handelsvoorwaarden biedt via meerdere accountopties. Of u nu kiest voor het Standaard of het Razor account, u profiteert van <strong>zeer lage handelskosten<\/strong> op een groot aantal Forex-paren en talloze CFD-instrumenten. Wij raden u aan de totale kosten van beide accounttypes bij Pepperstone te vergelijken en ook de swap-rentes in overweging te nemen als u posities \u2019s nachts open wilt laten staan.<\/p>\n<p>Het mooiste van handelen bij Pepperstone is dat <strong>de broker geen niet-handelsgerelateerde kosten in rekening brengt<\/strong>. Er zijn dus geen toeslagen op stortingen of opnames, geen inactiviteits\u00adkosten en geen andere extra heffingen die u geld kunnen kosten.<\/p>\n","protected":false},"excerpt":{"rendered":"<p>Wanneer u de beste broker wilt kiezen, is het altijd raadzaam om de handelskosten te controleren, zodat u de broker kiest met de meest kosteneffici\u00ebnte handelsvoorwaarden. Bij Pepperstone kunnen gebruikers een groot aantal Forex- en CFD-instrumenten verhandelen, met lage commissies en krappe spreads, wat resulteert in zeer lage handelskosten. In dit artikel bespreken we alle [&hellip;]<\/p>\n","protected":false},"author":2,"featured_media":0,"parent":47237,"menu_order":0,"comment_status":"closed","ping_status":"closed","template":"templates\/review.php","meta":{"footnotes":""},"class_list":["post-59559","page","type-page","status-publish","hentry"],"aioseo_notices":[],"_links":{"self":[{"href":"https:\/\/www.bestbrokers.com\/nl\/wp-json\/wp\/v2\/pages\/59559","targetHints":{"allow":["GET"]}}],"collection":[{"href":"https:\/\/www.bestbrokers.com\/nl\/wp-json\/wp\/v2\/pages"}],"about":[{"href":"https:\/\/www.bestbrokers.com\/nl\/wp-json\/wp\/v2\/types\/page"}],"author":[{"embeddable":true,"href":"https:\/\/www.bestbrokers.com\/nl\/wp-json\/wp\/v2\/users\/2"}],"replies":[{"embeddable":true,"href":"https:\/\/www.bestbrokers.com\/nl\/wp-json\/wp\/v2\/comments?post=59559"}],"version-history":[{"count":7,"href":"https:\/\/www.bestbrokers.com\/nl\/wp-json\/wp\/v2\/pages\/59559\/revisions"}],"predecessor-version":[{"id":71379,"href":"https:\/\/www.bestbrokers.com\/nl\/wp-json\/wp\/v2\/pages\/59559\/revisions\/71379"}],"up":[{"embeddable":true,"href":"https:\/\/www.bestbrokers.com\/nl\/wp-json\/wp\/v2\/pages\/47237"}],"wp:attachment":[{"href":"https:\/\/www.bestbrokers.com\/nl\/wp-json\/wp\/v2\/media?parent=59559"}],"curies":[{"name":"wp","href":"https:\/\/api.w.org\/{rel}","templated":true}]}}