{"id":59567,"date":"2025-03-19T09:16:43","date_gmt":"2025-03-19T09:16:43","guid":{"rendered":"https:\/\/www.bestbrokers.com\/?page_id=59567"},"modified":"2025-10-22T09:07:40","modified_gmt":"2025-10-22T09:07:40","slug":"account-opening","status":"publish","type":"page","link":"https:\/\/www.bestbrokers.com\/nl\/reviews\/fp-markets\/account-opening\/","title":{"rendered":"Hoe open je een account bij FP Markets"},"content":{"rendered":"<div class=\"author-line\">Geschreven door <span class=\"author\">Zornitsa Stefanova<div class=\"author-sub-box\"><div class=\"author-avatar\"><img decoding=\"async\" src=\"https:\/\/www.bestbrokers.com\/wp-content\/uploads\/2024\/09\/zornica-stefanova.jpeg\" \/><\/div><div class=\"author-info-wrapper\"><div class=\"author-name\"><a href=\"https:\/\/www.bestbrokers.com\/nl\/authors\/zornitsa-stefanova\/\">Zornitsa Stefanova<\/a><\/div><div class=\"author-bio\">Zornitsa Stefanova is een ervaren forex- en cryptoanalist. Ze behandelt ook verschillende financi\u00eble onderwerpen zoals aandelenhandel en pensioeninvesteringen.<\/div><\/div><\/div><\/span>,  <a rel=\"nofollow\" target=\"_blank\" href=\"https:\/\/www.linkedin.com\/in\/zornica-stefanova-73ab39287\/\"><img decoding=\"async\" class=\"social-icon\" src=\"https:\/\/www.bestbrokers.com\/wp-content\/themes\/best-brokers\/assets\/images\/icon-linkedin.svg\" data-no-lazy=\"1\"><\/a> <span class=\"sep\">|<\/span> Vertaald door <span class=\"author\">Linda Canter<div class=\"author-sub-box\"><div class=\"author-info-wrapper\"><div class=\"author-name\">Linda Canter<\/div><div class=\"author-bio\">Linda Canter is een Nederlandstalige vertaler en copywriter voor financi\u00eble en beleggingscontent die brokers, fintechs en platforms helpt websites, apps en marketing voor de Nederlandse markt te lokaliseren met slimme, investeerdersvriendelijke formuleringen.<\/div><\/div><\/div><\/span> <span class=\"sep\">|<\/span> Bijgewerkt: <time class=\"entry-date\" datetime=\"2025-10-22T09:07:40+00:00\">oktober 22, 2025<\/time><\/div>\n<h2 id=\"brief\"><i class=\"ico ico--assets\"><\/i>Accounttypes bij FP Markets<\/h2>\n<p>FP Markets biedt twee live accounttypes: Standaard en Raw. Het Standaard account heeft spreads vanaf 1,0 pip en geen commissies. Wie wil profiteren van nog lagere spreads, kan beter voor het Raw account kiezen. Raw handelaars genieten spreads vanaf 0 pips plus een commissie van $ 3 per transactie (per richting).<\/p>\n<p>Er zijn belangrijkste verschillen tussen het Raw en het Standaard account. De geavanceerde platformen van derden zoals MT4, MT5, TradingView en cTrader zijn voor alle klanten beschikbaar, ongeacht het gekozen account, en particuliere beleggers kunnen een hefboom tot 1:30 gebruiken.<\/p>\n<p>Professionals die met een hogere hefboom willen handelen, moeten eerst een retailaccount openen. Daarna kunnen zij een professioneel account aanvragen, waarop een Forex-hefboom tot 1:500 geldt. De aanvraag wordt goedgekeurd wanneer de handelaar aan twee van de volgende drie criteria voldoet:<\/p>\n<ul class=\"list-checks\">\n<li>Heeft gedurende de laatste vier kwartalen elk kwartaal minstens tien transacties van minimaal 1 lot uitgevoerd<\/li>\n<li>Beschikt over een beleggingsportefeuille van meer dan \u20ac 500.000<\/li>\n<li>Heeft minstens \u00e9\u00e9n jaar professionele ervaring in de financi\u00eble sector<\/li>\n<\/ul>\n\n\t\t\t\t<div class=\"table\">\n\t\t\t\t\t<table class=\"table table-striped table-bordered\">\n\t\t\t\t\t\t<tr>\n\t\t\t\t\t\t\t<td style=\"width: 250px;\"><strong>Demo-account<\/strong><\/td>\n\t\t\t\t\t\t\t<td><img decoding=\"async\" width=\"24\" height=\"24\" src=\"\/wp-content\/themes\/best-brokers\/assets\/images\/ico-check.svg\" alt=\"Available\" \/><\/td>\n\t\t\t\t\t\t<\/tr>\n\t\t\t\t\t\t<tr>\n\t\t\t\t\t\t\t<td><strong>Islamic Account<\/strong><\/td>\n\t\t\t\t\t\t\t<td><img decoding=\"async\" width=\"24\" height=\"24\" src=\"\/wp-content\/themes\/best-brokers\/assets\/images\/ico-check.svg\" alt=\"Available\" \/><\/td>\n\t\t\t\t\t\t<\/tr>\n\t\t\t\t\t\t<tr>\n\t\t\t\t\t\t\t<td><strong>ECN-account<\/strong><\/td>\n\t\t\t\t\t\t\t<td><img decoding=\"async\" width=\"24\" height=\"24\" src=\"\/wp-content\/themes\/best-brokers\/assets\/images\/ico-check.svg\" alt=\"Available\" \/><\/td>\n\t\t\t\t\t\t<\/tr>\n\t\t\t\t\t\t<tr>\n\t\t\t\t\t\t\t<td><strong>Pro-account<\/strong><\/td>\n\t\t\t\t\t\t\t<td><img decoding=\"async\" width=\"24\" height=\"24\" src=\"\/wp-content\/themes\/best-brokers\/assets\/images\/ico-check.svg\" alt=\"Available\" \/><\/td>\n\t\t\t\t\t\t<\/tr>\n\t\t\t\t\t\t<tr>\n\t\t\t\t\t\t\t<td><strong>MAM Account<\/strong><\/td>\n\t\t\t\t\t\t\t<td><img decoding=\"async\" width=\"24\" height=\"24\" src=\"\/wp-content\/themes\/best-brokers\/assets\/images\/ico-check.svg\" alt=\"Available\" \/><\/td>\n\t\t\t\t\t\t<\/tr>\n\t\t\t\t\t<\/table>\n\t\t\t\t<\/div>\n\t\t\t\n<h2 id=\"deposit\"><i class=\"ico ico--money-supply\"><\/i>Minimale stortingsvereisten voor accounts<\/h2>\n<p>Voor de retailaccounts van FP Markets hanteert de broker geen verschillende minimale stortingen. Of u nu een Standaard of Raw account opent, u moet minimaal $\/\u20ac\/\u00a3 50 storten. FP Markets is daarmee relatief toegankelijk, aangezien veel concurrenten aanzienlijk hogere eerste stortingen vereisen. Houd er echter rekening mee dat de minimale handelsgrootte bij FP Markets 0,01 lot bedraagt, wat overeenkomt met 1.000 eenheden van de basisvaluta van het account.   <\/p>\n<h2 id=\"instruments\"><i class=\"ico ico--common-technical-analysis-tools\"><\/i>Verhandelbare instrumenten<\/h2>\n<p>Het aanbod van FP Markets omvat een breed assortiment contracts for difference (CFD\u2019s), te beginnen met Forex-CFD\u2019s. Er zijn meer dan 60 valutaparen beschikbaar, waaronder EUR\/USD, AUD\/CAD, USD\/JPY en EUR\/GBP. Omdat het handelen in valutaparen bij FP Markets via CFD\u2019s verloopt, koopt u dus niet het onderliggende actief.<\/p>\n<p>Aandelen-CFD\u2019s vormen een ander hoogtepunt: klanten kunnen handelen in CFD\u2019s op aandelen van onder meer Apple Inc (AAPL.xnas), PayPal Holdings Inc (PYPL.xnas), Microsoft Corp (MSFT.xnas) en Tesla Inc (TSLA.xnas). Daarnaast kunt u kiezen uit meer dan een dozijn index-CFD\u2019s, waaronder US500, CHINA50 en EURO50. Voor liefhebbers van cryptovaluta zijn er eveneens meer dan tien crypto-CFD\u2019s beschikbaar. Andere beschikbare instrumenten zijn metalen, grondstoffen en ETF\u2019s.<\/p>\n<h2 id=\"steps\"><i class=\"ico ico--account\"><\/i>Accountregistratie bij FP Markets \u2013 circa 2 minuten (demo-account)<\/h2>\n<ol class=\"list list--steps\">\n<li>\n\t\tOpen de startpagina van FP Markets, klik op &#8220;Quick Start&#8221; en kies onder de opties &#8220;Jouw account&#8221; voor &#8220;Probeer een demo&#8221;.<\/p>\n<p>        <img decoding=\"async\" src=\"https:\/\/www.bestbrokers.com\/wp-content\/uploads\/2025\/02\/fp-markets-registration-1.webp\" alt=\"FP Markets Registration Step 1\" class=\"aligncenter\">\n    <\/li>\n<li>\n       Vul uw naam en e-mailadres in, selecteer uw land en voer uw telefoonnummer in. Kies vervolgens MetaTrader4, MetaTrader5, cTrader of TradingView. Maak een sterk wachtwoord aan, kies een Raw of Standaard demo-account en selecteer uw valuta. Voltooi tot slot de CAPTCHA en ga verder naar de volgende stap. <\/p>\n<p>        <img decoding=\"async\" src=\"https:\/\/www.bestbrokers.com\/wp-content\/uploads\/2025\/02\/fp-markets-registration-2.webp\" alt=\"FP Markets Registration Step 2\" class=\"aligncenter\">\n    <\/li>\n<li>\n      FP Markets vraagt u het gekozen platform te installeren met de inloggegevens die per e-mail zijn verzonden. U kunt echter ook voor de webtrader-versie kiezen. Zodra u het platform opent, kunt u inloggen en uw demo-account gebruiken.<\/p>\n<p>        <img decoding=\"async\" src=\"https:\/\/www.bestbrokers.com\/wp-content\/uploads\/2025\/02\/fp-markets-registration-3.webp\" alt=\"FP Markets Registration Step 3\" class=\"aligncenter\">\n    <\/li>\n<\/ol>\n<h2 id=\"live\"><i class=\"ico ico--approve\"><\/i>Accountregistratie bij FP Markets \u2013 circa 10 minuten (live account)<\/h2>\n<p>FP Markets heeft de registratie zo eenvoudig en duidelijk mogelijk gemaakt; als u de onderstaande stappen volgt, bent u snel klaar.<\/p>\n<ol class=\"list list--steps\">\n<li>\n<p>\tGa naar de startpagina van FP Markets en klik op de knop &#8220;Open Live&#8221; om het registratieproces te starten. <\/p>\n<p>\t <img decoding=\"async\" src=\"https:\/\/www.bestbrokers.com\/wp-content\/uploads\/2025\/02\/fp-markets-registration-4.webp\" alt=\"FP Markets Registration Step 4\" class=\"aligncenter\">\n<\/li>\n<li>\n\tU kunt zich vervolgens registreren met uw e-mailadres, Google-account of Facebook-account. Voer daarna uw voor- en achternaam in en selecteer &#8220;Individual&#8221; bij het type account. Zoek uw land, kies uw aanhef, vul uw telefoonnummer in en bevestig dat u 18 jaar of ouder bent. Klik ten slotte op &#8220;Opslaan&#8221; en &#8220;Volgende&#8221;.<\/p>\n<p>\t <img decoding=\"async\" src=\"https:\/\/www.bestbrokers.com\/wp-content\/uploads\/2025\/02\/fp-markets-registration-5.webp\" alt=\"FP Markets Registration Step 5\" class=\"aligncenter\">\n<\/li>\n<li>\n\tIn de volgende stap verstrekt u persoonlijke gegevens zoals uw geboortedatum en -plaats, paspoortnummer en adres. Daarnaast zijn er enkele onderdelen over belasting en uw woonland. Als u op de vraag &#8220;Heeft u een fiscaal identificatienummer?&#8221; \u2018ja\u2019 antwoordt, verschijnt er een veld waarin u dit nummer kunt invullen. Antwoordt u \u2018nee\u2019, dan moet u de reden opgeven. Vervolgens geeft u uw arbeidsstatus, jaarlijks inkomen en het bedrag dat u kunt missen voor trading op. Geef tot slot aan waarom u een FP Markets account wilt openen en ga verder.<\/p>\n<p>\t<img decoding=\"async\" src=\"https:\/\/www.bestbrokers.com\/wp-content\/uploads\/2025\/02\/fp-markets-registration-6.webp\" alt=\"FP Markets Registration Step 6\" class=\"aligncenter\">\n<\/li>\n<li>\n\tU gaat nu verder met het configureren van uw account. Kies uw favoriete handelsplatform en selecteer het gewenste accounttype. Kies daarna uw valuta en de stortingsmethode die u wilt gebruiken. Maak ten slotte een sterk wachtwoord aan. Daarna kunt u doorgaan naar de volgende stap.<\/p>\n<p>\t<img decoding=\"async\" src=\"https:\/\/www.bestbrokers.com\/wp-content\/uploads\/2025\/02\/fp-markets-registration-7.webp\" alt=\"FP Markets Registration Step 7\" class=\"aligncenter\">\n<\/li>\n<li>\n\tFP Markets vraagt hier naar uw handelservaring, kennis en risicobereidheid. Nadat u alle vragen heeft beantwoord, klikt u op &#8220;Accepteren en indienen&#8221;.<\/p>\n<p>\t<img decoding=\"async\" src=\"https:\/\/www.bestbrokers.com\/wp-content\/uploads\/2025\/02\/fp-markets-registration-8.webp\" alt=\"FP Markets Registration Step 8\" class=\"aligncenter\">\n<\/li>\n<li>\n\tDaarna leest u de Algemene Voorwaarden en het Privacybeleid van FP Markets. Vink beide vakjes aan en klik op &#8220;Accepteren en een account openen&#8221;. FP Markets stuurt u vervolgens een e-mail ter bevestiging van uw succesvolle registratie. Deze e-mail bevat uw accountgegevens, waaronder uw handelsrekeningnummer. <\/p>\n<p>\t<img decoding=\"async\" src=\"https:\/\/www.bestbrokers.com\/wp-content\/uploads\/2025\/02\/fp-markets-registration-9.webp\" alt=\"FP Markets Registration Step 9\" class=\"aligncenter\"><\/p>\n<\/li>\n<li>\n\tU bent nu succesvol geregistreerd, maar houd er rekening mee dat u op de accountpagina het KYC-proces van FP Markets moet doorlopen. Dit houdt in dat u de vereiste documenten uploadt en op goedkeuring wacht. Deze stap is verplicht omdat de toezichthouders die FP Markets een vergunning hebben verleend dit eisen. <\/p>\n<p>\t<img decoding=\"async\" src=\"https:\/\/www.bestbrokers.com\/wp-content\/uploads\/2025\/02\/fp-markets-registration-10.webp\" alt=\"FP Markets Registration Step 10\" class=\"aligncenter\"><\/p>\n<\/li>\n<\/ol>\n<h2 id=\"conclusion\"><i class=\"ico ico--pen\"><\/i>Algemene indruk<\/h2>\n<p>Al met al is het registratieproces van FP Markets enigszins uitgebreid, maar het duurt niet langer dan ongeveer 10 minuten. Handelaars hoeven zich geen zorgen te maken over de hoeveelheid persoonlijke informatie die wordt gevraagd; dit is standaard in de Forex-sector omdat brokers moeten voldoen aan de AML- (Anti-Money Laundering) en CFT-regels (Combating the Financing of Terrorism). Het team van FP Markets streeft ernaar uw gegevens binnen een uur te verifi\u00ebren, maar in sommige gevallen kan dit tot \u00e9\u00e9n werkdag duren.<\/p>\n","protected":false},"excerpt":{"rendered":"<p>Accounttypes bij FP Markets FP Markets biedt twee live accounttypes: Standaard en Raw. Het Standaard account heeft spreads vanaf 1,0 pip en geen commissies. Wie wil profiteren van nog lagere spreads, kan beter voor het Raw account kiezen. Raw handelaars genieten spreads vanaf 0 pips plus een commissie van $ 3 per transactie (per richting). [&hellip;]<\/p>\n","protected":false},"author":2,"featured_media":0,"parent":47274,"menu_order":0,"comment_status":"closed","ping_status":"closed","template":"templates\/review.php","meta":{"footnotes":""},"class_list":["post-59567","page","type-page","status-publish","hentry"],"aioseo_notices":[],"_links":{"self":[{"href":"https:\/\/www.bestbrokers.com\/nl\/wp-json\/wp\/v2\/pages\/59567","targetHints":{"allow":["GET"]}}],"collection":[{"href":"https:\/\/www.bestbrokers.com\/nl\/wp-json\/wp\/v2\/pages"}],"about":[{"href":"https:\/\/www.bestbrokers.com\/nl\/wp-json\/wp\/v2\/types\/page"}],"author":[{"embeddable":true,"href":"https:\/\/www.bestbrokers.com\/nl\/wp-json\/wp\/v2\/users\/2"}],"replies":[{"embeddable":true,"href":"https:\/\/www.bestbrokers.com\/nl\/wp-json\/wp\/v2\/comments?post=59567"}],"version-history":[{"count":7,"href":"https:\/\/www.bestbrokers.com\/nl\/wp-json\/wp\/v2\/pages\/59567\/revisions"}],"predecessor-version":[{"id":71388,"href":"https:\/\/www.bestbrokers.com\/nl\/wp-json\/wp\/v2\/pages\/59567\/revisions\/71388"}],"up":[{"embeddable":true,"href":"https:\/\/www.bestbrokers.com\/nl\/wp-json\/wp\/v2\/pages\/47274"}],"wp:attachment":[{"href":"https:\/\/www.bestbrokers.com\/nl\/wp-json\/wp\/v2\/media?parent=59567"}],"curies":[{"name":"wp","href":"https:\/\/api.w.org\/{rel}","templated":true}]}}